{"id":16806,"date":"2026-02-13T19:59:50","date_gmt":"2026-02-13T18:59:50","guid":{"rendered":"https:\/\/satochip.io\/?post_type=product&#038;p=16806"},"modified":"2026-02-21T21:46:30","modified_gmt":"2026-02-21T20:46:30","slug":"marmottoshis","status":"publish","type":"product","link":"https:\/\/satochip.io\/fr\/product\/marmottoshis\/","title":{"rendered":"Marmottoshis edition"},"content":{"rendered":"","protected":false},"excerpt":{"rendered":"<p><strong>Marmottoshis Edition<br \/>\n<\/strong><em>Sublime r\u00e9seau neuronal en or<\/em><\/p>\n<p><strong>Artiste<\/strong>: c-la (@c____la)<\/p>\n<p><strong>\u00c9dition limit\u00e9e<\/strong> : 100 unit\u00e9s<\/p>\n<p data-start=\"0\" data-end=\"178\"><strong>Design<\/strong> : une \u0153uvre d&rsquo;art abstraite dor\u00e9e sur un fond mat fonc\u00e9, o\u00f9 des lignes ultra-d\u00e9taill\u00e9es rencontrent des influences cubistes et surr\u00e9alistes pour donner vie \u00e0 l&rsquo;univers cryptographique.<\/p>\n<p>&nbsp;<\/p>\n<p>Choisissez votre produit : Satochip, Satodime ou Seedkeeper.<\/p>\n","protected":false},"featured_media":16840,"template":"","meta":[],"product_brand":[],"product_cat":[73],"product_tag":[],"class_list":{"0":"post-16806","1":"product","2":"type-product","3":"status-publish","4":"has-post-thumbnail","6":"product_cat-edition-designer","7":"product_shipping_class-frais-de-port-par-carte-a-puce","9":"first","10":"instock","11":"taxable","12":"shipping-taxable","13":"purchasable","14":"product-type-variable"},"_links":{"self":[{"href":"https:\/\/satochip.io\/fr\/wp-json\/wp\/v2\/product\/16806","targetHints":{"allow":["GET"]}}],"collection":[{"href":"https:\/\/satochip.io\/fr\/wp-json\/wp\/v2\/product"}],"about":[{"href":"https:\/\/satochip.io\/fr\/wp-json\/wp\/v2\/types\/product"}],"wp:featuredmedia":[{"embeddable":true,"href":"https:\/\/satochip.io\/fr\/wp-json\/wp\/v2\/media\/16840"}],"wp:attachment":[{"href":"https:\/\/satochip.io\/fr\/wp-json\/wp\/v2\/media?parent=16806"}],"wp:term":[{"taxonomy":"product_brand","embeddable":true,"href":"https:\/\/satochip.io\/fr\/wp-json\/wp\/v2\/product_brand?post=16806"},{"taxonomy":"product_cat","embeddable":true,"href":"https:\/\/satochip.io\/fr\/wp-json\/wp\/v2\/product_cat?post=16806"},{"taxonomy":"product_tag","embeddable":true,"href":"https:\/\/satochip.io\/fr\/wp-json\/wp\/v2\/product_tag?post=16806"}],"curies":[{"name":"wp","href":"https:\/\/api.w.org\/{rel}","templated":true}]}}