{"id":16411,"date":"2025-09-02T15:42:40","date_gmt":"2025-09-02T13:42:40","guid":{"rendered":"https:\/\/satochip.io\/?post_type=product&#038;p=16411"},"modified":"2026-03-10T02:09:27","modified_gmt":"2026-03-10T01:09:27","slug":"seedsigner-extension-kit","status":"publish","type":"product","link":"https:\/\/satochip.io\/fr\/product\/seedsigner-extension-kit\/","title":{"rendered":"SeedSigner extension kit"},"content":{"rendered":"","protected":false},"excerpt":{"rendered":"<p>Lib\u00e9rez toute la puissance de votre Seedsigner existant gr\u00e2ce \u00e0 ce kit de carte \u00e0 puce.<br \/>\nCe kit permet l\u2019utilisation des produits Satochip directement avec votre SeedSigner. G\u00e9rez toutes vos seeds avec <a href=\"https:\/\/satochip.io\/fr\/product\/seedkeeper\/\" target=\"_blank\" rel=\"noopener\">Seedkeeper <\/a>et utilisez votre <a href=\"https:\/\/satochip.io\/fr\/product\/satochip\/\" target=\"_blank\" rel=\"noopener\">Satochip <\/a>pour signer vos transactions en toute s\u00e9curit\u00e9.<\/p>\n<p>Le kit contient :<\/p>\n<ul>\n<li>1 \u00d7 lecteur de carte \u00e0 puce pour votre SeedSigner<\/li>\n<li>1 x bo\u00eetier noir imprim\u00e9 en 3D<\/li>\n<li>1 \u00d7 carte \u00e0 puce vierge <a href=\"https:\/\/satochip.io\/fr\/product\/blank-javacard-for-diy-project\/\" target=\"_blank\" rel=\"noopener\">DIY<\/a><\/li>\n<\/ul>\n","protected":false},"featured_media":16419,"template":"","meta":[],"product_brand":[],"product_cat":[74],"product_tag":[],"class_list":{"0":"post-16411","1":"product","2":"type-product","3":"status-publish","4":"has-post-thumbnail","6":"product_cat-do-it-yourself","7":"product_shipping_class-frais-dexpedition-kit-dextension-seedsigner","9":"first","10":"instock","11":"taxable","12":"shipping-taxable","13":"purchasable","14":"product-type-simple"},"_links":{"self":[{"href":"https:\/\/satochip.io\/fr\/wp-json\/wp\/v2\/product\/16411","targetHints":{"allow":["GET"]}}],"collection":[{"href":"https:\/\/satochip.io\/fr\/wp-json\/wp\/v2\/product"}],"about":[{"href":"https:\/\/satochip.io\/fr\/wp-json\/wp\/v2\/types\/product"}],"wp:featuredmedia":[{"embeddable":true,"href":"https:\/\/satochip.io\/fr\/wp-json\/wp\/v2\/media\/16419"}],"wp:attachment":[{"href":"https:\/\/satochip.io\/fr\/wp-json\/wp\/v2\/media?parent=16411"}],"wp:term":[{"taxonomy":"product_brand","embeddable":true,"href":"https:\/\/satochip.io\/fr\/wp-json\/wp\/v2\/product_brand?post=16411"},{"taxonomy":"product_cat","embeddable":true,"href":"https:\/\/satochip.io\/fr\/wp-json\/wp\/v2\/product_cat?post=16411"},{"taxonomy":"product_tag","embeddable":true,"href":"https:\/\/satochip.io\/fr\/wp-json\/wp\/v2\/product_tag?post=16411"}],"curies":[{"name":"wp","href":"https:\/\/api.w.org\/{rel}","templated":true}]}}