{"id":15990,"date":"2025-04-24T20:53:59","date_gmt":"2025-04-24T18:53:59","guid":{"rendered":"https:\/\/satochip.io\/?post_type=product&#038;p=15990"},"modified":"2026-03-09T17:00:33","modified_gmt":"2026-03-09T16:00:33","slug":"opsec-edition","status":"publish","type":"product","link":"https:\/\/satochip.io\/fr\/product\/opsec-edition\/","title":{"rendered":"\u00c9dition OPSEC"},"content":{"rendered":"","protected":false},"excerpt":{"rendered":"<p><strong>\u00c9dition OPSEC &#8211; Discr\u00e8te. S\u00e9curis\u00e9e. A vous.<\/strong><\/p>\n<p>Une carte noire mate et \u00e9l\u00e9gante qui ne contient que l&rsquo;essentiel. Pas d&rsquo;\u00e9tiquettes, pas de blabla, une conception ax\u00e9e sur la protection de la vie priv\u00e9e.<\/p>\n<p>Choisissez votre produit : Satochip, Satodime ou Seedkeeper.<\/p>\n","protected":false},"featured_media":15980,"template":"","meta":[],"product_brand":[],"product_cat":[73],"product_tag":[],"class_list":{"0":"post-15990","1":"product","2":"type-product","3":"status-publish","4":"has-post-thumbnail","6":"product_cat-edition-designer","7":"product_shipping_class-frais-de-port-par-carte-a-puce","9":"first","10":"instock","11":"taxable","12":"shipping-taxable","13":"purchasable","14":"product-type-variable"},"_links":{"self":[{"href":"https:\/\/satochip.io\/fr\/wp-json\/wp\/v2\/product\/15990","targetHints":{"allow":["GET"]}}],"collection":[{"href":"https:\/\/satochip.io\/fr\/wp-json\/wp\/v2\/product"}],"about":[{"href":"https:\/\/satochip.io\/fr\/wp-json\/wp\/v2\/types\/product"}],"wp:featuredmedia":[{"embeddable":true,"href":"https:\/\/satochip.io\/fr\/wp-json\/wp\/v2\/media\/15980"}],"wp:attachment":[{"href":"https:\/\/satochip.io\/fr\/wp-json\/wp\/v2\/media?parent=15990"}],"wp:term":[{"taxonomy":"product_brand","embeddable":true,"href":"https:\/\/satochip.io\/fr\/wp-json\/wp\/v2\/product_brand?post=15990"},{"taxonomy":"product_cat","embeddable":true,"href":"https:\/\/satochip.io\/fr\/wp-json\/wp\/v2\/product_cat?post=15990"},{"taxonomy":"product_tag","embeddable":true,"href":"https:\/\/satochip.io\/fr\/wp-json\/wp\/v2\/product_tag?post=15990"}],"curies":[{"name":"wp","href":"https:\/\/api.w.org\/{rel}","templated":true}]}}