{"id":13172,"date":"2023-10-13T20:20:08","date_gmt":"2023-10-13T18:20:08","guid":{"rendered":"https:\/\/satochip.io\/product\/blank-javacard-for-diy-project\/"},"modified":"2026-03-31T17:54:13","modified_gmt":"2026-03-31T15:54:13","slug":"blank-javacard-for-diy-project","status":"publish","type":"product","link":"https:\/\/satochip.io\/fr\/product\/blank-javacard-for-diy-project\/","title":{"rendered":"Carte \u00e0 puce vierge pour vos projets DIY"},"content":{"rendered":"","protected":false},"excerpt":{"rendered":"<p>Satochip \u00e9tant un logiciel libre, vous pouvez t\u00e9l\u00e9charger le micrologiciel de votre produit pr\u00e9f\u00e9r\u00e9 sur Github et cr\u00e9er votre propre \u00e9quipement.<\/p>\n<p>Cette carte \u00e0 puce 100 % compatible fera l&rsquo;affaire : double interface (contact et NFC) et d\u00e9verrouill\u00e9e (cl\u00e9s par d\u00e9faut).<\/p>\n<p>Soyez autonome, g\u00e9rez vous-m\u00eame vos cl\u00e9s priv\u00e9es, stockez en toute s\u00e9curit\u00e9 ce qui vous appartient vraiment. Du bitcoin \u00e0 votre phrase de r\u00e9cup\u00e9ration (aka seedphrase), nous avons tout ce qu&rsquo;il vous faut. <\/p>\n","protected":false},"featured_media":12833,"template":"","meta":[],"product_brand":[],"product_cat":[74],"product_tag":[],"class_list":{"0":"post-13172","1":"product","2":"type-product","3":"status-publish","4":"has-post-thumbnail","6":"product_cat-do-it-yourself","7":"product_shipping_class-frais-de-port-par-carte-a-puce","9":"first","10":"instock","11":"taxable","12":"shipping-taxable","13":"purchasable","14":"product-type-simple"},"_links":{"self":[{"href":"https:\/\/satochip.io\/fr\/wp-json\/wp\/v2\/product\/13172","targetHints":{"allow":["GET"]}}],"collection":[{"href":"https:\/\/satochip.io\/fr\/wp-json\/wp\/v2\/product"}],"about":[{"href":"https:\/\/satochip.io\/fr\/wp-json\/wp\/v2\/types\/product"}],"wp:featuredmedia":[{"embeddable":true,"href":"https:\/\/satochip.io\/fr\/wp-json\/wp\/v2\/media\/12833"}],"wp:attachment":[{"href":"https:\/\/satochip.io\/fr\/wp-json\/wp\/v2\/media?parent=13172"}],"wp:term":[{"taxonomy":"product_brand","embeddable":true,"href":"https:\/\/satochip.io\/fr\/wp-json\/wp\/v2\/product_brand?post=13172"},{"taxonomy":"product_cat","embeddable":true,"href":"https:\/\/satochip.io\/fr\/wp-json\/wp\/v2\/product_cat?post=13172"},{"taxonomy":"product_tag","embeddable":true,"href":"https:\/\/satochip.io\/fr\/wp-json\/wp\/v2\/product_tag?post=13172"}],"curies":[{"name":"wp","href":"https:\/\/api.w.org\/{rel}","templated":true}]}}