{"id":13171,"date":"2023-10-04T16:30:30","date_gmt":"2023-10-04T14:30:30","guid":{"rendered":"https:\/\/satochip.io\/product\/seedkeeper-3-pack\/"},"modified":"2026-02-06T11:23:12","modified_gmt":"2026-02-06T10:23:12","slug":"seedkeeper-3-pack","status":"publish","type":"product","link":"https:\/\/satochip.io\/fr\/product\/seedkeeper-3-pack\/","title":{"rendered":"Seedkeeper 3-pack"},"content":{"rendered":"","protected":false},"excerpt":{"rendered":"<p>Obtenez 3 <a href=\"https:\/\/satochip.io\/fr\/product\/seedkeeper\/\" target=\"_blank\" rel=\"noopener\">Seedkeeper<\/a> et le lecteur de <a href=\"https:\/\/satochip.io\/fr\/product\/lecteur-de-cartes-a-puce\/\" target=\"_blank\" rel=\"noopener\">carte \u00e0 puce officiel.<\/a><\/p>\n<p>N&rsquo;\u00e9crivez plus votre seedphrase sur un bout de papier ! Nous vous proposons une solution mat\u00e9rielle s\u00e9curis\u00e9e pour les stocker correctement. Ce pack vous permettra de g\u00e9rer de mani\u00e8re optimale la s\u00e9curit\u00e9 de votre seedphrase.<\/p>\n<p>Parfait pour la gestion de patrimoine et l&rsquo;h\u00e9ritage de crypto-monnaies.<\/p>\n<p><span class=\"notion-enable-hover\" data-token-index=\"1\"><em>Version actuelle du firmware : V2+<\/em><\/span><\/p>\n","protected":false},"featured_media":15427,"template":"","meta":[],"product_brand":[],"product_cat":[71],"product_tag":[],"class_list":{"0":"post-13171","1":"product","2":"type-product","3":"status-publish","4":"has-post-thumbnail","6":"product_cat-pack","7":"product_shipping_class-shipping-costs-per-bundle-fr","9":"first","10":"instock","11":"taxable","12":"shipping-taxable","13":"purchasable","14":"product-type-simple"},"_links":{"self":[{"href":"https:\/\/satochip.io\/fr\/wp-json\/wp\/v2\/product\/13171","targetHints":{"allow":["GET"]}}],"collection":[{"href":"https:\/\/satochip.io\/fr\/wp-json\/wp\/v2\/product"}],"about":[{"href":"https:\/\/satochip.io\/fr\/wp-json\/wp\/v2\/types\/product"}],"wp:featuredmedia":[{"embeddable":true,"href":"https:\/\/satochip.io\/fr\/wp-json\/wp\/v2\/media\/15427"}],"wp:attachment":[{"href":"https:\/\/satochip.io\/fr\/wp-json\/wp\/v2\/media?parent=13171"}],"wp:term":[{"taxonomy":"product_brand","embeddable":true,"href":"https:\/\/satochip.io\/fr\/wp-json\/wp\/v2\/product_brand?post=13171"},{"taxonomy":"product_cat","embeddable":true,"href":"https:\/\/satochip.io\/fr\/wp-json\/wp\/v2\/product_cat?post=13171"},{"taxonomy":"product_tag","embeddable":true,"href":"https:\/\/satochip.io\/fr\/wp-json\/wp\/v2\/product_tag?post=13171"}],"curies":[{"name":"wp","href":"https:\/\/api.w.org\/{rel}","templated":true}]}}