{"id":13170,"date":"2023-10-04T16:16:43","date_gmt":"2023-10-04T14:16:43","guid":{"rendered":"https:\/\/satochip.io\/product\/bundle-pack\/"},"modified":"2026-01-22T21:14:53","modified_gmt":"2026-01-22T20:14:53","slug":"bundle-pack","status":"publish","type":"product","link":"https:\/\/satochip.io\/fr\/product\/bundle-pack\/","title":{"rendered":"Ultimate Security Pack"},"content":{"rendered":"","protected":false},"excerpt":{"rendered":"<p>Profitez du plus haut niveau de s\u00e9curit\u00e9 pour le stockage et la gestion de vos crypto-monnaies gr\u00e2ce \u00e0 ce pack unique :<\/p>\n<ul>\n<li><strong><a href=\"https:\/\/satochip.io\/fr\/product\/satochip\/\" target=\"_blank\" rel=\"noopener\">Satochip:<\/a><\/strong> le hardware wallet pour s\u00e9curiser vos crypto-monnaies avec notre produit phare<\/li>\n<li><a href=\"https:\/\/satochip.io\/fr\/product\/seedkeeper\/\" target=\"_blank\" rel=\"noopener\"><strong>Seedkeeper<\/strong><\/a><strong>: <\/strong>le gestionnaire de seedphrases e et de mots de passe, qui offre un niveau de s\u00e9curit\u00e9 suppl\u00e9mentaire<\/li>\n<li><strong><a href=\"https:\/\/satochip.io\/fr\/product\/satodime\/\" target=\"_blank\" rel=\"noopener\">Satodime<\/a><\/strong> : la solution parfaite de stockage \u00e0 froid pour les transactions hors cha\u00eene et les cadeaux<\/li>\n<li>L&rsquo;Ultimate Security Pack est \u00e9galement livr\u00e9 avec le lecteur de <strong><a href=\"https:\/\/satochip.io\/fr\/product\/lecteur-de-cartes-a-puce\/\" target=\"_blank\" rel=\"noopener\">cartes \u00e0 puce officiel.<\/a><\/strong><\/li>\n<\/ul>\n","protected":false},"featured_media":15421,"template":"","meta":[],"product_brand":[],"product_cat":[71],"product_tag":[],"class_list":{"0":"post-13170","1":"product","2":"type-product","3":"status-publish","4":"has-post-thumbnail","6":"product_cat-pack","7":"product_shipping_class-shipping-costs-per-bundle-fr","9":"first","10":"instock","11":"taxable","12":"shipping-taxable","13":"purchasable","14":"product-type-simple"},"_links":{"self":[{"href":"https:\/\/satochip.io\/fr\/wp-json\/wp\/v2\/product\/13170","targetHints":{"allow":["GET"]}}],"collection":[{"href":"https:\/\/satochip.io\/fr\/wp-json\/wp\/v2\/product"}],"about":[{"href":"https:\/\/satochip.io\/fr\/wp-json\/wp\/v2\/types\/product"}],"wp:featuredmedia":[{"embeddable":true,"href":"https:\/\/satochip.io\/fr\/wp-json\/wp\/v2\/media\/15421"}],"wp:attachment":[{"href":"https:\/\/satochip.io\/fr\/wp-json\/wp\/v2\/media?parent=13170"}],"wp:term":[{"taxonomy":"product_brand","embeddable":true,"href":"https:\/\/satochip.io\/fr\/wp-json\/wp\/v2\/product_brand?post=13170"},{"taxonomy":"product_cat","embeddable":true,"href":"https:\/\/satochip.io\/fr\/wp-json\/wp\/v2\/product_cat?post=13170"},{"taxonomy":"product_tag","embeddable":true,"href":"https:\/\/satochip.io\/fr\/wp-json\/wp\/v2\/product_tag?post=13170"}],"curies":[{"name":"wp","href":"https:\/\/api.w.org\/{rel}","templated":true}]}}