{"id":13169,"date":"2023-10-04T02:52:35","date_gmt":"2023-10-04T00:52:35","guid":{"rendered":"https:\/\/satochip.io\/product\/porte-cartes\/"},"modified":"2026-02-27T20:32:22","modified_gmt":"2026-02-27T19:32:22","slug":"porte-cartes","status":"publish","type":"product","link":"https:\/\/satochip.io\/fr\/product\/porte-cartes\/","title":{"rendered":"Porte-cartes"},"content":{"rendered":"","protected":false},"excerpt":{"rendered":"<p>La NFC est une technologie incroyable qui offre un large \u00e9ventail d&rsquo;applications, en particulier dans le domaine de la t\u00e9l\u00e9phonie mobile. Pour \u00eatre s\u00fbr d&rsquo;\u00eatre prot\u00e9g\u00e9 \u00e0 tout moment, optez pour cet \u00e9tui de protection, qui emp\u00eache la lecture de votre carte par NFC.<\/p>\n","protected":false},"featured_media":12682,"template":"","meta":[],"product_brand":[],"product_cat":[70],"product_tag":[],"class_list":{"0":"post-13169","1":"product","2":"type-product","3":"status-publish","4":"has-post-thumbnail","6":"product_cat-accessoires","7":"product_shipping_class-frais-dexpedition-pochette","9":"first","10":"instock","11":"taxable","12":"shipping-taxable","13":"purchasable","14":"product-type-simple"},"_links":{"self":[{"href":"https:\/\/satochip.io\/fr\/wp-json\/wp\/v2\/product\/13169","targetHints":{"allow":["GET"]}}],"collection":[{"href":"https:\/\/satochip.io\/fr\/wp-json\/wp\/v2\/product"}],"about":[{"href":"https:\/\/satochip.io\/fr\/wp-json\/wp\/v2\/types\/product"}],"wp:featuredmedia":[{"embeddable":true,"href":"https:\/\/satochip.io\/fr\/wp-json\/wp\/v2\/media\/12682"}],"wp:attachment":[{"href":"https:\/\/satochip.io\/fr\/wp-json\/wp\/v2\/media?parent=13169"}],"wp:term":[{"taxonomy":"product_brand","embeddable":true,"href":"https:\/\/satochip.io\/fr\/wp-json\/wp\/v2\/product_brand?post=13169"},{"taxonomy":"product_cat","embeddable":true,"href":"https:\/\/satochip.io\/fr\/wp-json\/wp\/v2\/product_cat?post=13169"},{"taxonomy":"product_tag","embeddable":true,"href":"https:\/\/satochip.io\/fr\/wp-json\/wp\/v2\/product_tag?post=13169"}],"curies":[{"name":"wp","href":"https:\/\/api.w.org\/{rel}","templated":true}]}}