{"id":13168,"date":"2023-08-27T14:35:07","date_gmt":"2023-08-27T12:35:07","guid":{"rendered":"https:\/\/satochip.io\/product\/satodime-5-pack\/"},"modified":"2025-06-22T00:02:26","modified_gmt":"2025-06-21T22:02:26","slug":"satodime-5-pack","status":"publish","type":"product","link":"https:\/\/satochip.io\/fr\/product\/satodime-5-pack\/","title":{"rendered":"Satodime 5-pack"},"content":{"rendered":"","protected":false},"excerpt":{"rendered":"<p>Obtenez 5 Satodime pour le prix de 4.<\/p>\n<p>Satodime, la solution de stockage de crypto-monnaies en deux clics, est d\u00e9sormais disponible dans une offre group\u00e9e \u00e0 prix int\u00e9ressant. S\u00e9curis\u00e9, simple, tangible. Vous pourrez facilement offrir des crypto-monnaies et des NFT \u00e0 vos amis et \u00e0 votre famille.<\/p>\n<p>Pour en savoir plus sur ce produit novateur qui vous ouvrira les portes du monde des cryptomonnaies, <a href=\"https:\/\/satochip.io\/fr\/product\/satodime\/\" target=\"_blank\" rel=\"noopener\">cliquez ici. <\/a><\/p>\n","protected":false},"featured_media":12679,"template":"","meta":[],"product_brand":[],"product_cat":[71],"product_tag":[],"class_list":{"0":"post-13168","1":"product","2":"type-product","3":"status-publish","4":"has-post-thumbnail","6":"product_cat-pack","7":"product_shipping_class-shipping-costs-per-bundle-fr","9":"first","10":"instock","11":"taxable","12":"shipping-taxable","13":"purchasable","14":"product-type-simple"},"_links":{"self":[{"href":"https:\/\/satochip.io\/fr\/wp-json\/wp\/v2\/product\/13168","targetHints":{"allow":["GET"]}}],"collection":[{"href":"https:\/\/satochip.io\/fr\/wp-json\/wp\/v2\/product"}],"about":[{"href":"https:\/\/satochip.io\/fr\/wp-json\/wp\/v2\/types\/product"}],"wp:featuredmedia":[{"embeddable":true,"href":"https:\/\/satochip.io\/fr\/wp-json\/wp\/v2\/media\/12679"}],"wp:attachment":[{"href":"https:\/\/satochip.io\/fr\/wp-json\/wp\/v2\/media?parent=13168"}],"wp:term":[{"taxonomy":"product_brand","embeddable":true,"href":"https:\/\/satochip.io\/fr\/wp-json\/wp\/v2\/product_brand?post=13168"},{"taxonomy":"product_cat","embeddable":true,"href":"https:\/\/satochip.io\/fr\/wp-json\/wp\/v2\/product_cat?post=13168"},{"taxonomy":"product_tag","embeddable":true,"href":"https:\/\/satochip.io\/fr\/wp-json\/wp\/v2\/product_tag?post=13168"}],"curies":[{"name":"wp","href":"https:\/\/api.w.org\/{rel}","templated":true}]}}