{"id":13126,"date":"2023-08-27T14:26:40","date_gmt":"2023-08-27T12:26:40","guid":{"rendered":"https:\/\/satochip.io\/product\/porte-cles\/"},"modified":"2025-03-30T10:33:32","modified_gmt":"2025-03-30T08:33:32","slug":"porte-cles","status":"publish","type":"product","link":"https:\/\/satochip.io\/fr\/product\/porte-cles\/","title":{"rendered":"Porte-cl\u00e9s"},"content":{"rendered":"","protected":false},"excerpt":{"rendered":"<p>Pour les amateurs de crypto-monnaies, Satochip propose un porte-cl\u00e9s original. Ce n&rsquo;est pas seulement un accessoire, c&rsquo;est une d\u00e9claration : \u00ab <strong>c\u00e9l\u00e9brez votre amour des actifs num\u00e9riques et de la technologie blockchain<\/strong> \u00bb avec un objet qui parle de lui-m\u00eame.<\/p>\n","protected":false},"featured_media":12677,"template":"","meta":[],"product_brand":[],"product_cat":[70],"product_tag":[],"class_list":{"0":"post-13126","1":"product","2":"type-product","3":"status-publish","4":"has-post-thumbnail","6":"product_cat-accessoires","7":"product_shipping_class-shipping-costs-keychain-fr","9":"first","10":"instock","11":"taxable","12":"shipping-taxable","13":"purchasable","14":"product-type-simple"},"_links":{"self":[{"href":"https:\/\/satochip.io\/fr\/wp-json\/wp\/v2\/product\/13126","targetHints":{"allow":["GET"]}}],"collection":[{"href":"https:\/\/satochip.io\/fr\/wp-json\/wp\/v2\/product"}],"about":[{"href":"https:\/\/satochip.io\/fr\/wp-json\/wp\/v2\/types\/product"}],"wp:featuredmedia":[{"embeddable":true,"href":"https:\/\/satochip.io\/fr\/wp-json\/wp\/v2\/media\/12677"}],"wp:attachment":[{"href":"https:\/\/satochip.io\/fr\/wp-json\/wp\/v2\/media?parent=13126"}],"wp:term":[{"taxonomy":"product_brand","embeddable":true,"href":"https:\/\/satochip.io\/fr\/wp-json\/wp\/v2\/product_brand?post=13126"},{"taxonomy":"product_cat","embeddable":true,"href":"https:\/\/satochip.io\/fr\/wp-json\/wp\/v2\/product_cat?post=13126"},{"taxonomy":"product_tag","embeddable":true,"href":"https:\/\/satochip.io\/fr\/wp-json\/wp\/v2\/product_tag?post=13126"}],"curies":[{"name":"wp","href":"https:\/\/api.w.org\/{rel}","templated":true}]}}