{"id":13105,"date":"2023-08-18T12:17:33","date_gmt":"2023-08-18T10:17:33","guid":{"rendered":"https:\/\/satochip.io\/product\/lecteur-de-cartes-a-puce\/"},"modified":"2026-03-31T11:02:57","modified_gmt":"2026-03-31T09:02:57","slug":"lecteur-de-cartes-a-puce","status":"publish","type":"product","link":"https:\/\/satochip.io\/fr\/product\/lecteur-de-cartes-a-puce\/","title":{"rendered":"Lecteur de cartes \u00e0 puce"},"content":{"rendered":"","protected":false},"excerpt":{"rendered":"<p>Dans le monde r\u00e9el des actifs num\u00e9riques, la s\u00e9curit\u00e9 est primordiale. Le lecteur de cartes \u00e0 puce du Satochip, sp\u00e9cialement con\u00e7u pour nos cartes \u00e0 puce mat\u00e9rielles, assure une connexion transparente et s\u00e9curis\u00e9e avec votre ordinateur.<\/p>\n<p>Compatible avec les produits Satochip, Satodime ou Seedkeeper.<\/p>\n","protected":false},"featured_media":15516,"template":"","meta":[],"product_brand":[],"product_cat":[70],"product_tag":[],"class_list":{"0":"post-13105","1":"product","2":"type-product","3":"status-publish","4":"has-post-thumbnail","6":"product_cat-accessoires","7":"product_shipping_class-frais-de-port-par-lecteur","9":"first","10":"instock","11":"taxable","12":"shipping-taxable","13":"purchasable","14":"product-type-simple"},"_links":{"self":[{"href":"https:\/\/satochip.io\/fr\/wp-json\/wp\/v2\/product\/13105","targetHints":{"allow":["GET"]}}],"collection":[{"href":"https:\/\/satochip.io\/fr\/wp-json\/wp\/v2\/product"}],"about":[{"href":"https:\/\/satochip.io\/fr\/wp-json\/wp\/v2\/types\/product"}],"wp:featuredmedia":[{"embeddable":true,"href":"https:\/\/satochip.io\/fr\/wp-json\/wp\/v2\/media\/15516"}],"wp:attachment":[{"href":"https:\/\/satochip.io\/fr\/wp-json\/wp\/v2\/media?parent=13105"}],"wp:term":[{"taxonomy":"product_brand","embeddable":true,"href":"https:\/\/satochip.io\/fr\/wp-json\/wp\/v2\/product_brand?post=13105"},{"taxonomy":"product_cat","embeddable":true,"href":"https:\/\/satochip.io\/fr\/wp-json\/wp\/v2\/product_cat?post=13105"},{"taxonomy":"product_tag","embeddable":true,"href":"https:\/\/satochip.io\/fr\/wp-json\/wp\/v2\/product_tag?post=13105"}],"curies":[{"name":"wp","href":"https:\/\/api.w.org\/{rel}","templated":true}]}}