{"id":13100,"date":"2023-08-18T12:17:34","date_gmt":"2023-08-18T10:17:34","guid":{"rendered":"https:\/\/satochip.io\/product\/seedkeeper\/"},"modified":"2026-03-19T09:25:24","modified_gmt":"2026-03-19T08:25:24","slug":"seedkeeper","status":"publish","type":"product","link":"https:\/\/satochip.io\/fr\/product\/seedkeeper\/","title":{"rendered":"Seedkeeper"},"content":{"rendered":"","protected":false},"excerpt":{"rendered":"<p><span class=\"notion-enable-hover\" data-token-index=\"0\">La carte \u00e0 puce multifonctionnelle qui vous permet de g\u00e9n\u00e9rer, d&rsquo;importer et d&rsquo;exporter facilement une vari\u00e9t\u00e9 de secrets li\u00e9s \u00e0 la cryptographie.<\/span><\/p>\n<p>N&rsquo;\u00e9crivez plus vos seedphrases sur un bout de papier ! Nous vous proposons une solution mat\u00e9rielle s\u00e9curis\u00e9e pour les stocker correctement.<\/p>\n<p><span class=\"notion-enable-hover\" data-token-index=\"1\">Enfin une solution mat\u00e9rielle pour vos mots de passe cryptographiques.<\/p>\n<p><em>Version actuelle du firmware : V2+<\/em><br \/>\n<\/span><\/p>\n","protected":false},"featured_media":12655,"template":"","meta":[],"product_brand":[],"product_cat":[72],"product_tag":[],"class_list":{"0":"post-13100","1":"product","2":"type-product","3":"status-publish","4":"has-post-thumbnail","6":"product_cat-cartes","7":"product_shipping_class-frais-de-port-par-carte-a-puce","9":"first","10":"instock","11":"taxable","12":"shipping-taxable","13":"purchasable","14":"product-type-simple"},"_links":{"self":[{"href":"https:\/\/satochip.io\/fr\/wp-json\/wp\/v2\/product\/13100","targetHints":{"allow":["GET"]}}],"collection":[{"href":"https:\/\/satochip.io\/fr\/wp-json\/wp\/v2\/product"}],"about":[{"href":"https:\/\/satochip.io\/fr\/wp-json\/wp\/v2\/types\/product"}],"wp:featuredmedia":[{"embeddable":true,"href":"https:\/\/satochip.io\/fr\/wp-json\/wp\/v2\/media\/12655"}],"wp:attachment":[{"href":"https:\/\/satochip.io\/fr\/wp-json\/wp\/v2\/media?parent=13100"}],"wp:term":[{"taxonomy":"product_brand","embeddable":true,"href":"https:\/\/satochip.io\/fr\/wp-json\/wp\/v2\/product_brand?post=13100"},{"taxonomy":"product_cat","embeddable":true,"href":"https:\/\/satochip.io\/fr\/wp-json\/wp\/v2\/product_cat?post=13100"},{"taxonomy":"product_tag","embeddable":true,"href":"https:\/\/satochip.io\/fr\/wp-json\/wp\/v2\/product_tag?post=13100"}],"curies":[{"name":"wp","href":"https:\/\/api.w.org\/{rel}","templated":true}]}}