{"id":13063,"date":"2023-08-18T12:17:34","date_gmt":"2023-08-18T10:17:34","guid":{"rendered":"https:\/\/satochip.io\/product\/satodime\/"},"modified":"2026-03-27T12:19:52","modified_gmt":"2026-03-27T11:19:52","slug":"satodime","status":"publish","type":"product","link":"https:\/\/satochip.io\/fr\/product\/satodime\/","title":{"rendered":"Satodime"},"content":{"rendered":"","protected":false},"excerpt":{"rendered":"<p><span class=\"notion-enable-hover\" data-token-index=\"0\">La solution de stockage de crypto-monnaies en deux clics : s\u00e9curis\u00e9e, simple et tangible. Votre porte d&rsquo;entr\u00e9e dans le monde des cryptomonnaies !<\/span><\/p>\n<p><span class=\"notion-enable-hover\" data-token-index=\"0\">Scannez la carte sur votre t\u00e9l\u00e9phone<\/span>, <span class=\"notion-enable-hover\" data-token-index=\"2\">cr\u00e9ez votre premier coffre-fort et stockez pr\u00e9cieusement vos crypto-actifs pr\u00e9f\u00e9r\u00e9s.<\/span> De la crypto num\u00e9rique disponible dans la paume de votre main : offrez votre carte Satodime charg\u00e9e pour une exp\u00e9rience cadeau unique.<\/p>\n","protected":false},"featured_media":12654,"template":"","meta":[],"product_brand":[],"product_cat":[72],"product_tag":[],"class_list":{"0":"post-13063","1":"product","2":"type-product","3":"status-publish","4":"has-post-thumbnail","6":"product_cat-cartes","7":"product_shipping_class-frais-de-port-par-carte-a-puce","9":"first","10":"instock","11":"taxable","12":"shipping-taxable","13":"purchasable","14":"product-type-simple"},"_links":{"self":[{"href":"https:\/\/satochip.io\/fr\/wp-json\/wp\/v2\/product\/13063","targetHints":{"allow":["GET"]}}],"collection":[{"href":"https:\/\/satochip.io\/fr\/wp-json\/wp\/v2\/product"}],"about":[{"href":"https:\/\/satochip.io\/fr\/wp-json\/wp\/v2\/types\/product"}],"wp:featuredmedia":[{"embeddable":true,"href":"https:\/\/satochip.io\/fr\/wp-json\/wp\/v2\/media\/12654"}],"wp:attachment":[{"href":"https:\/\/satochip.io\/fr\/wp-json\/wp\/v2\/media?parent=13063"}],"wp:term":[{"taxonomy":"product_brand","embeddable":true,"href":"https:\/\/satochip.io\/fr\/wp-json\/wp\/v2\/product_brand?post=13063"},{"taxonomy":"product_cat","embeddable":true,"href":"https:\/\/satochip.io\/fr\/wp-json\/wp\/v2\/product_cat?post=13063"},{"taxonomy":"product_tag","embeddable":true,"href":"https:\/\/satochip.io\/fr\/wp-json\/wp\/v2\/product_tag?post=13063"}],"curies":[{"name":"wp","href":"https:\/\/api.w.org\/{rel}","templated":true}]}}