{"id":12927,"date":"2023-08-18T12:17:32","date_gmt":"2023-08-18T10:17:32","guid":{"rendered":"https:\/\/satochip.io\/product\/satochip\/"},"modified":"2026-03-31T11:02:57","modified_gmt":"2026-03-31T09:02:57","slug":"satochip","status":"publish","type":"product","link":"https:\/\/satochip.io\/fr\/product\/satochip\/","title":{"rendered":"Satochip"},"content":{"rendered":"","protected":false},"excerpt":{"rendered":"<p>Le portefeuille mat\u00e9riel de nouvelle g\u00e9n\u00e9ration pour stocker et g\u00e9rer vos crypto-monnaies en toute s\u00e9curit\u00e9.<\/p>\n<p>Propuls\u00e9 par une carte \u00e0 puce NFC, Satochip est conforme aux protocoles BIP les plus avanc\u00e9s, tels que BIP32 et BIP39, pour vous offrir une exp\u00e9rience utilisateur in\u00e9gal\u00e9e. Stockez vos jetons Bitcoin, Litecoin, Ethereum et ERC-20, ainsi que tous les jetons des r\u00e9seaux compatibles EVM dans la puce s\u00e9curis\u00e9e.<\/p>\n","protected":false},"featured_media":12651,"template":"","meta":[],"product_brand":[],"product_cat":[72],"product_tag":[],"class_list":{"0":"post-12927","1":"product","2":"type-product","3":"status-publish","4":"has-post-thumbnail","6":"product_cat-cartes","7":"product_shipping_class-frais-de-port-par-carte-a-puce","9":"first","10":"instock","11":"taxable","12":"shipping-taxable","13":"purchasable","14":"product-type-simple"},"_links":{"self":[{"href":"https:\/\/satochip.io\/fr\/wp-json\/wp\/v2\/product\/12927","targetHints":{"allow":["GET"]}}],"collection":[{"href":"https:\/\/satochip.io\/fr\/wp-json\/wp\/v2\/product"}],"about":[{"href":"https:\/\/satochip.io\/fr\/wp-json\/wp\/v2\/types\/product"}],"wp:featuredmedia":[{"embeddable":true,"href":"https:\/\/satochip.io\/fr\/wp-json\/wp\/v2\/media\/12651"}],"wp:attachment":[{"href":"https:\/\/satochip.io\/fr\/wp-json\/wp\/v2\/media?parent=12927"}],"wp:term":[{"taxonomy":"product_brand","embeddable":true,"href":"https:\/\/satochip.io\/fr\/wp-json\/wp\/v2\/product_brand?post=12927"},{"taxonomy":"product_cat","embeddable":true,"href":"https:\/\/satochip.io\/fr\/wp-json\/wp\/v2\/product_cat?post=12927"},{"taxonomy":"product_tag","embeddable":true,"href":"https:\/\/satochip.io\/fr\/wp-json\/wp\/v2\/product_tag?post=12927"}],"curies":[{"name":"wp","href":"https:\/\/api.w.org\/{rel}","templated":true}]}}