{"id":17039,"date":"2026-03-16T15:42:18","date_gmt":"2026-03-16T14:42:18","guid":{"rendered":"https:\/\/satochip.io\/guide-de-demarrage\/satochip\/quickstart-satochip-mobile\/"},"modified":"2026-03-24T13:57:09","modified_gmt":"2026-03-24T12:57:09","slug":"mobile","status":"publish","type":"page","link":"https:\/\/satochip.io\/fr\/guide-de-demarrage\/satochip\/mobile\/","title":{"rendered":"Quickstart &#8211; Satochip &#8211; Mobile"},"content":{"rendered":"<div class=\"fusion-fullwidth fullwidth-box fusion-builder-row-1 fusion-flex-container has-pattern-background has-mask-background fusion-parallax-none hundred-percent-fullwidth non-hundred-percent-height-scrolling lazyload cards\" style=\"--awb-border-radius-top-left:20px;--awb-border-radius-top-right:20px;--awb-border-radius-bottom-right:20px;--awb-border-radius-bottom-left:20px;--awb-overflow:hidden;--awb-padding-top:150px;--awb-padding-right:10%;--awb-padding-left:10%;--awb-background-color:rgba(28,28,28,0);--awb-background-size:cover;--awb-flex-wrap:wrap;\" data-bg=\"https:\/\/satochip.io\/wp-content\/uploads\/2023\/10\/glow-and-leaf-orange-1-scaled.webp\" ><div class=\"fusion-builder-row fusion-row fusion-flex-align-items-flex-start fusion-flex-content-wrap\" style=\"width:102% !important;max-width:102% !important;margin-left: calc(-2% \/ 2 );margin-right: calc(-2% \/ 2 );\"><div class=\"fusion-layout-column fusion_builder_column fusion-builder-column-0 fusion_builder_column_1_1 1_1 fusion-flex-column\" style=\"--awb-bg-size:cover;--awb-width-large:100%;--awb-margin-top-large:0px;--awb-spacing-right-large:0.98%;--awb-margin-bottom-large:20px;--awb-spacing-left-large:0.98%;--awb-width-medium:100%;--awb-order-medium:0;--awb-spacing-right-medium:0.98%;--awb-spacing-left-medium:0.98%;--awb-width-small:100%;--awb-order-small:0;--awb-spacing-right-small:0.98%;--awb-spacing-left-small:0.98%;\"><div class=\"fusion-column-wrapper fusion-column-has-shadow fusion-flex-justify-content-flex-start fusion-content-layout-column\"><div class=\"fusion-title title fusion-title-1 fusion-sep-none fusion-title-text fusion-title-size-one\" style=\"--awb-margin-top-small:10px;--awb-margin-right-small:0px;--awb-margin-bottom-small:10px;--awb-margin-left-small:0px;\"><h1 class=\"fusion-title-heading title-heading-left\" style=\"margin:0;\">Satochip &#8211; Quick start<\/h1><\/div><div class=\"fusion-title title fusion-title-2 fusion-sep-none fusion-title-text fusion-title-size-two\" style=\"--awb-margin-top:-15px;--awb-margin-top-small:10px;--awb-margin-right-small:0px;--awb-margin-bottom-small:10px;--awb-margin-left-small:0px;\"><h2 class=\"fusion-title-heading title-heading-left\" style=\"margin:0;\">Configurez votre portefeuille mat\u00e9riel sur votre mobile<\/h2><\/div><\/div><\/div><div class=\"fusion-layout-column fusion_builder_column fusion-builder-column-1 fusion_builder_column_1_3 1_3 fusion-flex-column fusion-flex-align-self-stretch fusion-column-inner-bg-wrapper fusion-column-liftup-border tiles\" style=\"--awb-padding-right:20px;--awb-padding-bottom:20px;--awb-padding-left:20px;--awb-overflow:hidden;--awb-inner-bg-color:rgba(237,237,237,0.05);--awb-inner-bg-color-hover:rgba(237,237,237,0.05);--awb-inner-bg-size:cover;--awb-border-color:rgba(237,237,237,0.2);--awb-inner-border-color:rgba(237,237,237,0.2);--awb-border-top:2px;--awb-inner-border-top:2px;--awb-border-right:2px;--awb-inner-border-right:2px;--awb-border-bottom:2px;--awb-inner-border-bottom:2px;--awb-border-left:2px;--awb-inner-border-left:2px;--awb-border-style:solid;--awb-inner-border-style:solid;--awb-border-radius:20px 20px 20px 20px;--awb-liftup-border-radius:20px 20px 20px 20px;--awb-width-large:33.333333333333%;--awb-margin-top-large:0px;--awb-spacing-right-large:2.94%;--awb-margin-bottom-large:20px;--awb-spacing-left-large:2.94%;--awb-width-medium:33.333333333333%;--awb-order-medium:0;--awb-spacing-right-medium:2.94%;--awb-spacing-left-medium:2.94%;--awb-width-small:100%;--awb-order-small:0;--awb-spacing-right-small:0.98%;--awb-spacing-left-small:0.98%;\" data-scroll-devices=\"small-visibility,medium-visibility,large-visibility\"><span class=\"fusion-column-inner-bg hover-type-liftup\"><a class=\"fusion-column-anchor\" href=\"https:\/\/satochip.io\/fr\/configuration-et-utilisation-de-satochip-avec-bitcoinkeeper\/\"><span class=\"fusion-column-inner-bg-image\"><\/span><\/a><\/span><div class=\"fusion-column-wrapper fusion-flex-justify-content-space-between fusion-content-layout-column\"><div class=\"fusion-image-element \" style=\"--awb-margin-top:20px;--awb-margin-bottom:20px;--awb-caption-title-font-family:var(--h2_typography-font-family);--awb-caption-title-font-weight:var(--h2_typography-font-weight);--awb-caption-title-font-style:var(--h2_typography-font-style);--awb-caption-title-size:var(--h2_typography-font-size);--awb-caption-title-transform:var(--h2_typography-text-transform);--awb-caption-title-line-height:var(--h2_typography-line-height);--awb-caption-title-letter-spacing:var(--h2_typography-letter-spacing);\"><span class=\" fusion-imageframe imageframe-none imageframe-1 hover-type-none\" style=\"border-radius:10px;\"><img decoding=\"async\" width=\"650\" height=\"363\" alt=\"Satochip est nativement support\u00e9 par Sparrow Wallet pour Bitcoin.\" title=\"Satochip &#8211; Mobile &#8211; Quick-Start &#8211; Illustration\" src=\"https:\/\/satochip.io\/wp-content\/uploads\/2026\/03\/Satochip-Mobile-Quick-Start-Illustration.jpg\" data-orig-src=\"https:\/\/satochip.io\/wp-content\/uploads\/2026\/03\/Satochip-Mobile-Quick-Start-Illustration-650x363.jpg\" class=\"lazyload img-responsive wp-image-16935\" srcset=\"data:image\/svg+xml,%3Csvg%20xmlns%3D%27http%3A%2F%2Fwww.w3.org%2F2000%2Fsvg%27%20width%3D%271376%27%20height%3D%27768%27%20viewBox%3D%270%200%201376%20768%27%3E%3Crect%20width%3D%271376%27%20height%3D%27768%27%20fill-opacity%3D%220%22%2F%3E%3C%2Fsvg%3E\" data-srcset=\"https:\/\/satochip.io\/wp-content\/uploads\/2026\/03\/Satochip-Mobile-Quick-Start-Illustration-200x112.jpg 200w, https:\/\/satochip.io\/wp-content\/uploads\/2026\/03\/Satochip-Mobile-Quick-Start-Illustration-400x223.jpg 400w, https:\/\/satochip.io\/wp-content\/uploads\/2026\/03\/Satochip-Mobile-Quick-Start-Illustration-600x335.jpg 600w, https:\/\/satochip.io\/wp-content\/uploads\/2026\/03\/Satochip-Mobile-Quick-Start-Illustration-800x447.jpg 800w, https:\/\/satochip.io\/wp-content\/uploads\/2026\/03\/Satochip-Mobile-Quick-Start-Illustration-1200x670.jpg 1200w, https:\/\/satochip.io\/wp-content\/uploads\/2026\/03\/Satochip-Mobile-Quick-Start-Illustration.jpg 1376w\" data-sizes=\"auto\" data-orig-sizes=\"(max-width: 500px) 100vw, (max-width: 1919px) 600px,(min-width: 1920px) 33vw\" \/><\/span><\/div><div class=\"fusion-title title fusion-title-3 fusion-sep-none fusion-title-text fusion-title-size-three\" style=\"--awb-margin-top-small:10px;--awb-margin-right-small:0px;--awb-margin-bottom-small:10px;--awb-margin-left-small:0px;\"><h3 class=\"fusion-title-heading title-heading-left\" style=\"margin:0;\">Bitcoin<\/h3><\/div><div class=\"fusion-title title fusion-title-4 fusion-sep-none fusion-title-text fusion-title-size-four\" style=\"--awb-margin-top:-10px;--awb-margin-top-small:10px;--awb-margin-right-small:0px;--awb-margin-bottom-small:10px;--awb-margin-left-small:0px;\"><h4 class=\"fusion-title-heading title-heading-left\" style=\"margin:0;\">BitcoinKeeper<\/h4><\/div><div class=\"fusion-text fusion-text-1\" style=\"--awb-font-size:16px;--awb-line-height:1.52;--awb-letter-spacing:var(--awb-typography4-letter-spacing);--awb-text-transform:var(--awb-typography4-text-transform);--awb-margin-top:10px;--awb-text-font-family:&quot;Open Sans&quot;;--awb-text-font-style:normal;--awb-text-font-weight:400;\"><p><strong>BitcoinKeeper <\/strong>(souvent simplement appel\u00e9 Keeper) est une application mobile de gestion de bitcoins qui met l&rsquo;accent sur la conservation s\u00e9curis\u00e9e en propre : cela signifie que vous gardez le contr\u00f4le total de vos cl\u00e9s priv\u00e9es, plut\u00f4t que de les confier \u00e0 une entreprise. Un portefeuille open source g\u00e9r\u00e9 par la communaut\u00e9, con\u00e7u pour une auto-conservation s\u00e9curis\u00e9e avec signature multiple. Pas de cr\u00e9ation de compte. Pas d&rsquo;abonnement.<\/p>\n<\/div><div class=\"fusion-image-element \" style=\"text-align:center;--awb-margin-bottom:10px;--awb-max-width:110px;--awb-caption-title-font-family:var(--h2_typography-font-family);--awb-caption-title-font-weight:var(--h2_typography-font-weight);--awb-caption-title-font-style:var(--h2_typography-font-style);--awb-caption-title-size:var(--h2_typography-font-size);--awb-caption-title-transform:var(--h2_typography-text-transform);--awb-caption-title-line-height:var(--h2_typography-line-height);--awb-caption-title-letter-spacing:var(--h2_typography-letter-spacing);\"><span class=\" fusion-imageframe imageframe-none imageframe-2 hover-type-none\"><img decoding=\"async\" width=\"500\" height=\"172\" alt=\"Satochip mobile application available on iOS and Android.\" title=\"logos_iphone_android\" src=\"https:\/\/satochip.io\/wp-content\/uploads\/2023\/08\/logos_iphone_android.png\" data-orig-src=\"https:\/\/satochip.io\/wp-content\/uploads\/2023\/08\/logos_iphone_android.png\" class=\"lazyload img-responsive wp-image-12559\" srcset=\"data:image\/svg+xml,%3Csvg%20xmlns%3D%27http%3A%2F%2Fwww.w3.org%2F2000%2Fsvg%27%20width%3D%27500%27%20height%3D%27172%27%20viewBox%3D%270%200%20500%20172%27%3E%3Crect%20width%3D%27500%27%20height%3D%27172%27%20fill-opacity%3D%220%22%2F%3E%3C%2Fsvg%3E\" data-srcset=\"https:\/\/satochip.io\/wp-content\/uploads\/2023\/08\/logos_iphone_android-200x69.png 200w, https:\/\/satochip.io\/wp-content\/uploads\/2023\/08\/logos_iphone_android-400x138.png 400w, https:\/\/satochip.io\/wp-content\/uploads\/2023\/08\/logos_iphone_android.png 500w\" data-sizes=\"auto\" data-orig-sizes=\"(max-width: 500px) 100vw, 500px\" \/><\/span><\/div><div style=\"text-align:center;\"><a class=\"fusion-button button-flat fusion-button-default-size button-default fusion-button-default button-1 fusion-button-default-span fusion-button-default-type\" style=\"--button-border-radius-top-right:50px;--button-border-radius-bottom-right:50px;--button-border-radius-bottom-left:50px;--button_margin-top:10px;\" target=\"_blank\" rel=\"noopener noreferrer\" href=\"https:\/\/satochip.io\/fr\/configuration-et-utilisation-de-satochip-avec-bitcoinkeeper\/\"><span class=\"fusion-button-text awb-button__text awb-button__text--default\">Voir le guide<\/span><\/a><\/div><\/div><\/div><div class=\"fusion-layout-column fusion_builder_column fusion-builder-column-2 fusion_builder_column_1_3 1_3 fusion-flex-column fusion-flex-align-self-stretch fusion-column-inner-bg-wrapper fusion-column-liftup-border tiles\" style=\"--awb-padding-right:20px;--awb-padding-bottom:20px;--awb-padding-left:20px;--awb-overflow:hidden;--awb-inner-bg-color:rgba(237,237,237,0.05);--awb-inner-bg-color-hover:rgba(237,237,237,0.05);--awb-inner-bg-size:cover;--awb-border-color:rgba(237,237,237,0.2);--awb-inner-border-color:rgba(237,237,237,0.2);--awb-border-top:2px;--awb-inner-border-top:2px;--awb-border-right:2px;--awb-inner-border-right:2px;--awb-border-bottom:2px;--awb-inner-border-bottom:2px;--awb-border-left:2px;--awb-inner-border-left:2px;--awb-border-style:solid;--awb-inner-border-style:solid;--awb-border-radius:20px 20px 20px 20px;--awb-liftup-border-radius:20px 20px 20px 20px;--awb-width-large:33.333333333333%;--awb-margin-top-large:0px;--awb-spacing-right-large:2.94%;--awb-margin-bottom-large:20px;--awb-spacing-left-large:2.94%;--awb-width-medium:33.333333333333%;--awb-order-medium:0;--awb-spacing-right-medium:2.94%;--awb-spacing-left-medium:2.94%;--awb-width-small:100%;--awb-order-small:0;--awb-spacing-right-small:0.98%;--awb-spacing-left-small:0.98%;\" data-scroll-devices=\"small-visibility,medium-visibility,large-visibility\"><span class=\"fusion-column-inner-bg hover-type-liftup\"><a class=\"fusion-column-anchor\" href=\"https:\/\/satochip.io\/fr\/configuration-et-utilisation-de-satochip-avec-satochip-connect\/\"><span class=\"fusion-column-inner-bg-image\"><\/span><\/a><\/span><div class=\"fusion-column-wrapper fusion-flex-justify-content-space-between fusion-content-layout-column\"><div class=\"fusion-image-element \" style=\"--awb-margin-top:20px;--awb-margin-bottom:20px;--awb-caption-title-font-family:var(--h2_typography-font-family);--awb-caption-title-font-weight:var(--h2_typography-font-weight);--awb-caption-title-font-style:var(--h2_typography-font-style);--awb-caption-title-size:var(--h2_typography-font-size);--awb-caption-title-transform:var(--h2_typography-text-transform);--awb-caption-title-line-height:var(--h2_typography-line-height);--awb-caption-title-letter-spacing:var(--h2_typography-letter-spacing);\"><span class=\" fusion-imageframe imageframe-none imageframe-3 hover-type-none\" style=\"border-radius:10px;\"><img decoding=\"async\" width=\"650\" height=\"363\" alt=\"Connectez votre portefeuille mat\u00e9riel Satochip \u00e0 n&#039;importe quelle application Web3 via le protocole WalletConnect. G\u00e9rez facilement vos jetons EVM sur toutes les principales blockchains.\" title=\"Satochip &#8211; Mobile support with Satochip-Connect\" src=\"https:\/\/satochip.io\/wp-content\/uploads\/2026\/03\/Satochip-Mobile-support-with-Satochip-Connect.jpg\" data-orig-src=\"https:\/\/satochip.io\/wp-content\/uploads\/2026\/03\/Satochip-Mobile-support-with-Satochip-Connect-650x363.jpg\" class=\"lazyload img-responsive wp-image-16945\" srcset=\"data:image\/svg+xml,%3Csvg%20xmlns%3D%27http%3A%2F%2Fwww.w3.org%2F2000%2Fsvg%27%20width%3D%271376%27%20height%3D%27768%27%20viewBox%3D%270%200%201376%20768%27%3E%3Crect%20width%3D%271376%27%20height%3D%27768%27%20fill-opacity%3D%220%22%2F%3E%3C%2Fsvg%3E\" data-srcset=\"https:\/\/satochip.io\/wp-content\/uploads\/2026\/03\/Satochip-Mobile-support-with-Satochip-Connect-200x112.jpg 200w, https:\/\/satochip.io\/wp-content\/uploads\/2026\/03\/Satochip-Mobile-support-with-Satochip-Connect-400x223.jpg 400w, https:\/\/satochip.io\/wp-content\/uploads\/2026\/03\/Satochip-Mobile-support-with-Satochip-Connect-600x335.jpg 600w, https:\/\/satochip.io\/wp-content\/uploads\/2026\/03\/Satochip-Mobile-support-with-Satochip-Connect-800x447.jpg 800w, https:\/\/satochip.io\/wp-content\/uploads\/2026\/03\/Satochip-Mobile-support-with-Satochip-Connect-1200x670.jpg 1200w, https:\/\/satochip.io\/wp-content\/uploads\/2026\/03\/Satochip-Mobile-support-with-Satochip-Connect.jpg 1376w\" data-sizes=\"auto\" data-orig-sizes=\"(max-width: 500px) 100vw, (max-width: 1919px) 600px,(min-width: 1920px) 33vw\" \/><\/span><\/div><div class=\"fusion-title title fusion-title-5 fusion-sep-none fusion-title-text fusion-title-size-three\" style=\"--awb-margin-top-small:10px;--awb-margin-right-small:0px;--awb-margin-bottom-small:10px;--awb-margin-left-small:0px;\"><h3 class=\"fusion-title-heading title-heading-left\" style=\"margin:0;\">Ethereum &amp; EVM + Autres<\/h3><\/div><div class=\"fusion-title title fusion-title-6 fusion-sep-none fusion-title-text fusion-title-size-four\" style=\"--awb-margin-top:-10px;--awb-margin-top-small:10px;--awb-margin-right-small:0px;--awb-margin-bottom-small:10px;--awb-margin-left-small:0px;\"><h4 class=\"fusion-title-heading title-heading-left\" style=\"margin:0;\">Satochip-Connect<\/h4><\/div><div class=\"fusion-text fusion-text-2\" style=\"--awb-font-size:16px;--awb-line-height:1.52;--awb-letter-spacing:var(--awb-typography4-letter-spacing);--awb-text-transform:var(--awb-typography4-text-transform);--awb-margin-top:10px;--awb-text-font-family:var(--awb-typography4-font-family);--awb-text-font-weight:var(--awb-typography4-font-weight);--awb-text-font-style:var(--awb-typography4-font-style);\"><p><strong data-start=\"75\" data-end=\"95\">Satochip-Connect<\/strong> est un portefeuille mobile qui vous permet de g\u00e9rer en toute s\u00e9curit\u00e9 vos tokens Ethereum et ceux compatibles EVM. Connectez-vous \u00e0 n&rsquo;importe quelle application Web3 via WalletConnect, utilisez des portefeuilles logiciels ou des portefeuilles mat\u00e9riels Satochip, et signez vos transactions et vos messages en toute simplicit\u00e9. La prise en charge de plusieurs comptes et la gestion compl\u00e8te des transactions facilitent l&rsquo;envoi, la r\u00e9ception et l&rsquo;interaction avec les applications d\u00e9centralis\u00e9es.<\/p>\n<\/div><div class=\"fusion-image-element \" style=\"text-align:center;--awb-margin-bottom:10px;--awb-max-width:110px;--awb-caption-title-font-family:var(--h2_typography-font-family);--awb-caption-title-font-weight:var(--h2_typography-font-weight);--awb-caption-title-font-style:var(--h2_typography-font-style);--awb-caption-title-size:var(--h2_typography-font-size);--awb-caption-title-transform:var(--h2_typography-text-transform);--awb-caption-title-line-height:var(--h2_typography-line-height);--awb-caption-title-letter-spacing:var(--h2_typography-letter-spacing);\"><span class=\" fusion-imageframe imageframe-none imageframe-4 hover-type-none\"><img decoding=\"async\" width=\"500\" height=\"172\" alt=\"Satochip mobile application available on iOS and Android.\" title=\"logos_iphone_android\" src=\"https:\/\/satochip.io\/wp-content\/uploads\/2023\/08\/logos_iphone_android.png\" data-orig-src=\"https:\/\/satochip.io\/wp-content\/uploads\/2023\/08\/logos_iphone_android.png\" class=\"lazyload img-responsive wp-image-12559\" srcset=\"data:image\/svg+xml,%3Csvg%20xmlns%3D%27http%3A%2F%2Fwww.w3.org%2F2000%2Fsvg%27%20width%3D%27500%27%20height%3D%27172%27%20viewBox%3D%270%200%20500%20172%27%3E%3Crect%20width%3D%27500%27%20height%3D%27172%27%20fill-opacity%3D%220%22%2F%3E%3C%2Fsvg%3E\" data-srcset=\"https:\/\/satochip.io\/wp-content\/uploads\/2023\/08\/logos_iphone_android-200x69.png 200w, https:\/\/satochip.io\/wp-content\/uploads\/2023\/08\/logos_iphone_android-400x138.png 400w, https:\/\/satochip.io\/wp-content\/uploads\/2023\/08\/logos_iphone_android.png 500w\" data-sizes=\"auto\" data-orig-sizes=\"(max-width: 500px) 100vw, 500px\" \/><\/span><\/div><div style=\"text-align:center;\"><a class=\"fusion-button button-flat fusion-button-default-size button-default fusion-button-default button-2 fusion-button-default-span fusion-button-default-type\" style=\"--button-border-radius-top-right:50px;--button-border-radius-bottom-right:50px;--button-border-radius-bottom-left:50px;--button_margin-top:10px;\" target=\"_blank\" rel=\"noopener noreferrer\" href=\"https:\/\/satochip.io\/fr\/configuration-et-utilisation-de-satochip-avec-satochip-connect\/\"><span class=\"fusion-button-text awb-button__text awb-button__text--default\">Voir le guide<\/span><\/a><\/div><\/div><\/div><\/div><\/div>\n","protected":false},"excerpt":{"rendered":"","protected":false},"author":1,"featured_media":0,"parent":13004,"menu_order":0,"comment_status":"closed","ping_status":"closed","template":"100-width.php","meta":{"footnotes":""},"class_list":["post-17039","page","type-page","status-publish","hentry"],"_links":{"self":[{"href":"https:\/\/satochip.io\/fr\/wp-json\/wp\/v2\/pages\/17039","targetHints":{"allow":["GET"]}}],"collection":[{"href":"https:\/\/satochip.io\/fr\/wp-json\/wp\/v2\/pages"}],"about":[{"href":"https:\/\/satochip.io\/fr\/wp-json\/wp\/v2\/types\/page"}],"author":[{"embeddable":true,"href":"https:\/\/satochip.io\/fr\/wp-json\/wp\/v2\/users\/1"}],"replies":[{"embeddable":true,"href":"https:\/\/satochip.io\/fr\/wp-json\/wp\/v2\/comments?post=17039"}],"version-history":[{"count":7,"href":"https:\/\/satochip.io\/fr\/wp-json\/wp\/v2\/pages\/17039\/revisions"}],"predecessor-version":[{"id":17069,"href":"https:\/\/satochip.io\/fr\/wp-json\/wp\/v2\/pages\/17039\/revisions\/17069"}],"up":[{"embeddable":true,"href":"https:\/\/satochip.io\/fr\/wp-json\/wp\/v2\/pages\/13004"}],"wp:attachment":[{"href":"https:\/\/satochip.io\/fr\/wp-json\/wp\/v2\/media?parent=17039"}],"curies":[{"name":"wp","href":"https:\/\/api.w.org\/{rel}","templated":true}]}}