{"id":13267,"date":"2023-10-03T10:06:44","date_gmt":"2023-10-03T08:06:44","guid":{"rendered":"https:\/\/satochip.io\/politique-de-remboursement\/"},"modified":"2025-12-03T09:33:02","modified_gmt":"2025-12-03T08:33:02","slug":"politique-de-remboursement","status":"publish","type":"page","link":"https:\/\/satochip.io\/fr\/politique-de-remboursement\/","title":{"rendered":"Politique de remboursement"},"content":{"rendered":"<div class=\"fusion-fullwidth fullwidth-box fusion-builder-row-1 fusion-flex-container has-pattern-background has-mask-background fusion-parallax-none hundred-percent-fullwidth non-hundred-percent-height-scrolling lazyload cards\" style=\"--awb-background-position:center top;--awb-border-radius-top-left:20px;--awb-border-radius-top-right:20px;--awb-border-radius-bottom-right:20px;--awb-border-radius-bottom-left:20px;--awb-overflow:hidden;--awb-padding-top:250px;--awb-padding-right:15%;--awb-padding-left:15%;--awb-background-color:rgba(28,28,28,0);--awb-background-size:contain;--awb-flex-wrap:wrap;\" data-bg=\"https:\/\/satochip.io\/wp-content\/uploads\/2023\/08\/background-home-orange-glow-gingko-03-scaled.webp\" ><div class=\"fusion-builder-row fusion-row fusion-flex-align-items-flex-start fusion-flex-content-wrap\" style=\"width:102% !important;max-width:102% !important;margin-left: calc(-2% \/ 2 );margin-right: calc(-2% \/ 2 );\"><div class=\"fusion-layout-column fusion_builder_column fusion-builder-column-0 fusion_builder_column_1_1 1_1 fusion-flex-column\" style=\"--awb-bg-size:cover;--awb-width-large:100%;--awb-margin-top-large:0px;--awb-spacing-right-large:0.98%;--awb-margin-bottom-large:20px;--awb-spacing-left-large:0.98%;--awb-width-medium:100%;--awb-order-medium:0;--awb-spacing-right-medium:0.98%;--awb-spacing-left-medium:0.98%;--awb-width-small:100%;--awb-order-small:0;--awb-spacing-right-small:0.98%;--awb-spacing-left-small:0.98%;\"><div class=\"fusion-column-wrapper fusion-column-has-shadow fusion-flex-justify-content-flex-start fusion-content-layout-column\"><div class=\"fusion-title title fusion-title-1 fusion-sep-none fusion-title-text fusion-title-size-one\" style=\"--awb-margin-top-small:10px;--awb-margin-right-small:0px;--awb-margin-bottom-small:10px;--awb-margin-left-small:0px;\"><h1 class=\"fusion-title-heading title-heading-left\" style=\"margin:0;\">Politique de remboursement<\/h1><\/div><div class=\"fusion-text fusion-text-1\" style=\"--awb-font-size:16px;--awb-line-height:1.52;--awb-letter-spacing:var(--awb-typography4-letter-spacing);--awb-text-transform:var(--awb-typography4-text-transform);--awb-margin-top:10px;--awb-text-font-family:&quot;Open Sans&quot;;--awb-text-font-style:normal;--awb-text-font-weight:400;\"><p style=\"text-align: left;\"><em>Derni\u00e8re mise \u00e0 jour : 01\/11\/2025<br \/>\nStatut : publi\u00e9<\/em><\/p>\n<\/div><\/div><\/div><div class=\"fusion-layout-column fusion_builder_column fusion-builder-column-1 fusion_builder_column_1_1 1_1 fusion-flex-column\" style=\"--awb-bg-position:center center;--awb-bg-size:cover;--awb-width-large:100%;--awb-margin-top-large:0px;--awb-spacing-right-large:0.98%;--awb-margin-bottom-large:20px;--awb-spacing-left-large:0.98%;--awb-width-medium:100%;--awb-order-medium:0;--awb-spacing-right-medium:0.98%;--awb-spacing-left-medium:0.98%;--awb-width-small:100%;--awb-order-small:0;--awb-spacing-right-small:0.98%;--awb-spacing-left-small:0.98%;\" data-scroll-devices=\"small-visibility,medium-visibility,large-visibility\"><div class=\"fusion-column-wrapper fusion-column-has-shadow fusion-flex-justify-content-flex-start fusion-content-layout-column\"><div class=\"fusion-title title fusion-title-2 fusion-sep-none fusion-title-text fusion-title-size-two\" style=\"--awb-margin-top:-15px;--awb-margin-top-small:10px;--awb-margin-right-small:0px;--awb-margin-bottom-small:10px;--awb-margin-left-small:0px;\"><h2 class=\"fusion-title-heading title-heading-left\" style=\"margin:0;\"><h3>R\u00e8gles en mati\u00e8re de remboursements<\/h3><\/h2><\/div><div class=\"fusion-text fusion-text-2\" style=\"--awb-content-alignment:justify;--awb-font-size:16px;--awb-line-height:1.52;--awb-letter-spacing:var(--awb-typography4-letter-spacing);--awb-text-transform:var(--awb-typography4-text-transform);--awb-margin-top:10px;--awb-text-font-family:&quot;Open Sans&quot;;--awb-text-font-style:normal;--awb-text-font-weight:400;\"><p>Les produits non utilis\u00e9s, dans leur emballage d&rsquo;origine et non ouvert, peuvent \u00eatre retourn\u00e9s pour remboursement dans les dix (10) jours suivant la livraison. Le prix total, moins les frais d&rsquo;exp\u00e9dition initiaux et les frais de retour, sera rembours\u00e9.<\/p>\n<p>Les commandes ne seront PAS rembours\u00e9es si le client refuse de payer les frais de d\u00e9douanement ou fournit une adresse de livraison incorrecte, voir les <a href=\"https:\/\/satochip.io\/fr\/conditions-dutilisation\/\" target=\"_blank\" rel=\"noopener\">conditions de service<\/a> pour plus d&rsquo;informations. Les commandes personnalis\u00e9es (par exemple, les produits issus de la cat\u00e9gorie \u00ab Designer Edition \u00bb) ne seront PAS rembours\u00e9es.<\/p>\n<p>Les remboursements seront \u00e9galement accord\u00e9s pour les commandes annul\u00e9es avant la confirmation de l&rsquo;exp\u00e9dition de l&rsquo;article.<\/p>\n<p>Le remplacement des produits d\u00e9fectueux est r\u00e9gi par l&rsquo;accord de garantie limit\u00e9e \u00e0 vie.<\/p>\n<\/div><\/div><\/div><div class=\"fusion-layout-column fusion_builder_column fusion-builder-column-2 fusion_builder_column_1_1 1_1 fusion-flex-column\" style=\"--awb-bg-position:center center;--awb-bg-size:cover;--awb-width-large:100%;--awb-margin-top-large:0px;--awb-spacing-right-large:0.98%;--awb-margin-bottom-large:20px;--awb-spacing-left-large:0.98%;--awb-width-medium:100%;--awb-order-medium:0;--awb-spacing-right-medium:0.98%;--awb-spacing-left-medium:0.98%;--awb-width-small:100%;--awb-order-small:0;--awb-spacing-right-small:0.98%;--awb-spacing-left-small:0.98%;\" data-scroll-devices=\"small-visibility,medium-visibility,large-visibility\"><div class=\"fusion-column-wrapper fusion-column-has-shadow fusion-flex-justify-content-flex-start fusion-content-layout-column\"><div class=\"fusion-title title fusion-title-3 fusion-sep-none fusion-title-text fusion-title-size-two\" style=\"--awb-margin-top:-15px;--awb-margin-top-small:10px;--awb-margin-right-small:0px;--awb-margin-bottom-small:10px;--awb-margin-left-small:0px;\"><h2 class=\"fusion-title-heading title-heading-left\" style=\"margin:0;\"><h3>Perte ou vol des marchandises \u2014 Modes d\u2019exp\u00e9dition non suivis<\/h3><\/h2><\/div><div class=\"fusion-text fusion-text-3\" style=\"--awb-content-alignment:justify;--awb-font-size:16px;--awb-line-height:1.52;--awb-letter-spacing:var(--awb-typography4-letter-spacing);--awb-text-transform:var(--awb-typography4-text-transform);--awb-margin-top:10px;--awb-text-font-family:&quot;Open Sans&quot;;--awb-text-font-style:normal;--awb-text-font-weight:400;\"><p data-start=\"305\" data-end=\"565\">Lorsque le Client choisit un mode d\u2019exp\u00e9dition <strong data-start=\"355\" data-end=\"409\">sans suivi et\/ou sans assurance<\/strong>, il reconna\u00eet et accepte express\u00e9ment que l\u2019envoi est effectu\u00e9<strong data-start=\"485\" data-end=\"507\"> \u00e0 ses seuls risques<\/strong> \u00e0 compter de la remise du colis au transporteur.<\/p>\n<p data-start=\"567\" data-end=\"883\">En cas de <strong data-start=\"622\" data-end=\"687\">perte, vol, erreur d\u2019acheminement ou d\u00e9faut de livraison<\/strong> d\u2019un colis exp\u00e9di\u00e9 sans suivi, la soci\u00e9t\u00e9 <strong data-start=\"704\" data-end=\"736\">Satochip ne saurait \u00eatre tenue pour responsable<\/strong>, et ne sera tenue \u00e0 aucun <strong data-start=\"775\" data-end=\"828\">remboursement, remplacement, indemnisation ou r\u00e9exp\u00e9dition<\/strong>, quelles que soient les causes ou circonstances du dommage.<\/p>\n<p data-start=\"885\" data-end=\"1214\">Il appartient au Client de s\u00e9lectionner un mode d\u2019exp\u00e9dition <strong data-start=\"933\" data-end=\"959\">suivi et\/ou assur\u00e9<\/strong> s\u2019il souhaite b\u00e9n\u00e9ficier d\u2019une preuve de livraison ou d\u2019une protection en cas de perte ou de vol durant le transport. En optant pour un mode d\u2019exp\u00e9dition non suivi, le Client renonce \u00e0 toute r\u00e9clamation \u00e0 l\u2019encontre de Satochip relative \u00e0 la non-r\u00e9ception, \u00e0 la perte ou au vol du colis.<\/p>\n<\/div><\/div><\/div><div class=\"fusion-layout-column fusion_builder_column fusion-builder-column-3 fusion_builder_column_1_1 1_1 fusion-flex-column\" style=\"--awb-bg-position:center center;--awb-bg-size:cover;--awb-width-large:100%;--awb-margin-top-large:0px;--awb-spacing-right-large:0.98%;--awb-margin-bottom-large:20px;--awb-spacing-left-large:0.98%;--awb-width-medium:100%;--awb-order-medium:0;--awb-spacing-right-medium:0.98%;--awb-spacing-left-medium:0.98%;--awb-width-small:100%;--awb-order-small:0;--awb-spacing-right-small:0.98%;--awb-spacing-left-small:0.98%;\" data-scroll-devices=\"small-visibility,medium-visibility,large-visibility\"><div class=\"fusion-column-wrapper fusion-column-has-shadow fusion-flex-justify-content-flex-start fusion-content-layout-column\"><div class=\"fusion-title title fusion-title-4 fusion-sep-none fusion-title-text fusion-title-size-two\" style=\"--awb-margin-top:-15px;--awb-margin-top-small:10px;--awb-margin-right-small:0px;--awb-margin-bottom-small:10px;--awb-margin-left-small:0px;\"><h2 class=\"fusion-title-heading title-heading-left\" style=\"margin:0;\"><h3>Proc\u00e9dure de remboursement<\/h3><\/h2><\/div><div class=\"fusion-text fusion-text-4\" style=\"--awb-content-alignment:justify;--awb-font-size:16px;--awb-line-height:1.52;--awb-letter-spacing:var(--awb-typography4-letter-spacing);--awb-text-transform:var(--awb-typography4-text-transform);--awb-margin-top:10px;--awb-text-font-family:&quot;Open Sans&quot;;--awb-text-font-style:normal;--awb-text-font-weight:400;\"><div class=\"m-top-xlarge\">\n<p>Tout d&rsquo;abord, veuillez nous envoyer une demande de remboursement accompagn\u00e9e d&rsquo;une preuve d&rsquo;achat d\u00e9taill\u00e9e \u00e0 support[-@-]satochip.io dans les dix (10) jours suivant la r\u00e9ception du produit. Nous vous r\u00e9pondrons en vous envoyant un accus\u00e9 de r\u00e9ception de votre demande de remboursement et une adresse postale de retour. Envoyez-nous le produit par la poste dans les cinq (5) jours suivant la r\u00e9ception de cet e-mail. Une fois que nous aurons re\u00e7u et inspect\u00e9 le produit, nous vous enverrons un courrier \u00e9lectronique pour vous informer de l&rsquo;approbation ou du rejet de votre remboursement. Les remboursements seront transmis dans les quatre (4) semaines suivant l&rsquo;approbation.<\/p>\n<\/div>\n<\/div><div class=\"fusion-title title fusion-title-5 fusion-sep-none fusion-title-text fusion-title-size-two\" style=\"--awb-margin-top:-15px;--awb-margin-top-small:10px;--awb-margin-right-small:0px;--awb-margin-bottom-small:10px;--awb-margin-left-small:0px;\"><h2 class=\"fusion-title-heading title-heading-left\" style=\"margin:0;\"><h3>Exp\u00e9dition<\/h3><\/h2><\/div><div class=\"fusion-text fusion-text-5\" style=\"--awb-content-alignment:justify;--awb-font-size:16px;--awb-line-height:1.52;--awb-letter-spacing:var(--awb-typography4-letter-spacing);--awb-text-transform:var(--awb-typography4-text-transform);--awb-margin-top:10px;--awb-text-font-family:&quot;Open Sans&quot;;--awb-text-font-style:normal;--awb-text-font-weight:400;\"><p>Nous vous enverrons par courriel l&rsquo;adresse d&rsquo;exp\u00e9dition pour le retour du produit. Les d\u00e9lais d&rsquo;exp\u00e9dition varient en fonction de votre lieu de r\u00e9sidence.<\/p>\n<p>Veuillez utiliser un service d&rsquo;exp\u00e9dition avec suivi et\/ou souscrire une assurance d&rsquo;exp\u00e9dition. Nous ne pouvons pas garantir que nous recevrons l&rsquo;article retourn\u00e9 et vous assumez tous les risques de perte ou de dommage pendant le transport.<\/p>\n<\/div><div class=\"fusion-title title fusion-title-6 fusion-sep-none fusion-title-text fusion-title-size-two\" style=\"--awb-margin-top:-15px;--awb-margin-top-small:10px;--awb-margin-right-small:0px;--awb-margin-bottom-small:10px;--awb-margin-left-small:0px;\"><h2 class=\"fusion-title-heading title-heading-left\" style=\"margin:0;\"><h3>Paiement en crypto-monnaies<\/h3><\/h2><\/div><div class=\"fusion-text fusion-text-6\" style=\"--awb-content-alignment:justify;--awb-font-size:16px;--awb-line-height:1.52;--awb-letter-spacing:var(--awb-typography4-letter-spacing);--awb-text-transform:var(--awb-typography4-text-transform);--awb-margin-top:10px;--awb-text-font-family:&quot;Open Sans&quot;;--awb-text-font-style:normal;--awb-text-font-weight:400;\"><p>Les commandes trait\u00e9es et pay\u00e9es en bitcoin (BTC) ou toute autre crypto-monnaie seront rembours\u00e9es \u00e0 la valeur en EUR ou en USD de la commande au moment o\u00f9 celle-ci est pass\u00e9e et compl\u00e9t\u00e9e. Nous ne rembourserons jamais en BTC ou toute autre crypto-monnaie. En commandant dans notre boutique en ligne, vous acceptez ces conditions et ne pouvez pas faire de r\u00e9clamation.<\/p>\n<\/div><div class=\"fusion-title title fusion-title-7 fusion-sep-none fusion-title-text fusion-title-size-two\" style=\"--awb-margin-top:-15px;--awb-margin-top-small:10px;--awb-margin-right-small:0px;--awb-margin-bottom-small:10px;--awb-margin-left-small:0px;\"><h2 class=\"fusion-title-heading title-heading-left\" style=\"margin:0;\"><div class=\"fusion-title title fusion-title-23 fusion-sep-none fusion-title-text fusion-title-size-two\">\n<h3>Informations de contact<\/h3>\n<\/div><\/h2><\/div><div class=\"fusion-text fusion-text-7\" style=\"--awb-content-alignment:justify;--awb-font-size:16px;--awb-line-height:1.52;--awb-letter-spacing:var(--awb-typography4-letter-spacing);--awb-text-transform:var(--awb-typography4-text-transform);--awb-margin-top:10px;--awb-text-font-family:&quot;Open Sans&quot;;--awb-text-font-style:normal;--awb-text-font-weight:400;\"><p>Veuillez signaler toute violation ou erreur dans la pr\u00e9sente politique de remboursement \u00e0 : support[-@-]satochip.io<\/p>\n<\/div><\/div><\/div><\/div><\/div>\n","protected":false},"excerpt":{"rendered":"","protected":false},"author":1,"featured_media":0,"parent":0,"menu_order":0,"comment_status":"closed","ping_status":"closed","template":"","meta":{"footnotes":""},"class_list":["post-13267","page","type-page","status-publish","hentry"],"_links":{"self":[{"href":"https:\/\/satochip.io\/fr\/wp-json\/wp\/v2\/pages\/13267","targetHints":{"allow":["GET"]}}],"collection":[{"href":"https:\/\/satochip.io\/fr\/wp-json\/wp\/v2\/pages"}],"about":[{"href":"https:\/\/satochip.io\/fr\/wp-json\/wp\/v2\/types\/page"}],"author":[{"embeddable":true,"href":"https:\/\/satochip.io\/fr\/wp-json\/wp\/v2\/users\/1"}],"replies":[{"embeddable":true,"href":"https:\/\/satochip.io\/fr\/wp-json\/wp\/v2\/comments?post=13267"}],"version-history":[{"count":0,"href":"https:\/\/satochip.io\/fr\/wp-json\/wp\/v2\/pages\/13267\/revisions"}],"wp:attachment":[{"href":"https:\/\/satochip.io\/fr\/wp-json\/wp\/v2\/media?parent=13267"}],"curies":[{"name":"wp","href":"https:\/\/api.w.org\/{rel}","templated":true}]}}