{"id":13093,"date":"2023-08-31T16:08:35","date_gmt":"2023-08-31T14:08:35","guid":{"rendered":"https:\/\/satochip.io\/politique-de-confidentialite\/"},"modified":"2024-05-15T16:10:44","modified_gmt":"2024-05-15T14:10:44","slug":"politique-de-confidentialite","status":"publish","type":"page","link":"https:\/\/satochip.io\/fr\/politique-de-confidentialite\/","title":{"rendered":"Politique de confidentialit\u00e9"},"content":{"rendered":"<div class=\"fusion-fullwidth fullwidth-box fusion-builder-row-1 fusion-flex-container has-pattern-background has-mask-background fusion-parallax-none hundred-percent-fullwidth non-hundred-percent-height-scrolling lazyload cards\" style=\"--awb-background-position:center top;--awb-border-radius-top-left:20px;--awb-border-radius-top-right:20px;--awb-border-radius-bottom-right:20px;--awb-border-radius-bottom-left:20px;--awb-overflow:hidden;--awb-padding-top:250px;--awb-padding-right:15%;--awb-padding-left:15%;--awb-background-size:contain;--awb-flex-wrap:wrap;\" data-bg=\"https:\/\/satochip.io\/wp-content\/uploads\/2023\/08\/background-home-orange-glow-gingko-03-scaled.webp\" ><div class=\"fusion-builder-row fusion-row fusion-flex-align-items-flex-start fusion-flex-content-wrap\" style=\"width:102% !important;max-width:102% !important;margin-left: calc(-2% \/ 2 );margin-right: calc(-2% \/ 2 );\"><div class=\"fusion-layout-column fusion_builder_column fusion-builder-column-0 fusion_builder_column_1_1 1_1 fusion-flex-column\" style=\"--awb-bg-size:cover;--awb-width-large:100%;--awb-margin-top-large:0px;--awb-spacing-right-large:0.98%;--awb-margin-bottom-large:20px;--awb-spacing-left-large:0.98%;--awb-width-medium:100%;--awb-order-medium:0;--awb-spacing-right-medium:0.98%;--awb-spacing-left-medium:0.98%;--awb-width-small:100%;--awb-order-small:0;--awb-spacing-right-small:0.98%;--awb-spacing-left-small:0.98%;\"><div class=\"fusion-column-wrapper fusion-column-has-shadow fusion-flex-justify-content-flex-start fusion-content-layout-column\"><div class=\"fusion-title title fusion-title-1 fusion-sep-none fusion-title-text fusion-title-size-one\" style=\"--awb-margin-top-small:10px;--awb-margin-right-small:0px;--awb-margin-bottom-small:10px;--awb-margin-left-small:0px;\"><h1 class=\"fusion-title-heading title-heading-left\" style=\"margin:0;\">Politique de confidentialit\u00e9<\/h1><\/div><div class=\"fusion-text fusion-text-1\" style=\"--awb-font-size:16px;--awb-line-height:1.52;--awb-letter-spacing:var(--awb-typography4-letter-spacing);--awb-text-transform:var(--awb-typography4-text-transform);--awb-margin-top:10px;--awb-text-font-family:&quot;Open Sans&quot;;--awb-text-font-style:normal;--awb-text-font-weight:400;\"><p style=\"text-align: left;\"><em>Derni\u00e8re mise \u00e0 jour : 07\/05\/2024<br \/>\nStatut : publi\u00e9<br \/>\n<\/em><\/p>\n<\/div><\/div><\/div><div class=\"fusion-layout-column fusion_builder_column fusion-builder-column-1 fusion_builder_column_1_1 1_1 fusion-flex-column\" style=\"--awb-bg-position:center center;--awb-bg-size:cover;--awb-width-large:100%;--awb-margin-top-large:0px;--awb-spacing-right-large:0.98%;--awb-margin-bottom-large:20px;--awb-spacing-left-large:0.98%;--awb-width-medium:100%;--awb-order-medium:0;--awb-spacing-right-medium:0.98%;--awb-spacing-left-medium:0.98%;--awb-width-small:100%;--awb-order-small:0;--awb-spacing-right-small:0.98%;--awb-spacing-left-small:0.98%;\" data-scroll-devices=\"small-visibility,medium-visibility,large-visibility\"><div class=\"fusion-column-wrapper fusion-column-has-shadow fusion-flex-justify-content-flex-start fusion-content-layout-column\"><div class=\"fusion-title title fusion-title-2 fusion-sep-none fusion-title-text fusion-title-size-two\" style=\"--awb-margin-top:-15px;--awb-margin-top-small:10px;--awb-margin-right-small:0px;--awb-margin-bottom-small:10px;--awb-margin-left-small:0px;\"><h2 class=\"fusion-title-heading title-heading-left\" style=\"margin:0;\"><h3>Pr\u00e9ambules<\/h3><\/h2><\/div><div class=\"fusion-text fusion-text-2\" style=\"--awb-content-alignment:justify;--awb-font-size:16px;--awb-line-height:1.52;--awb-letter-spacing:var(--awb-typography4-letter-spacing);--awb-text-transform:var(--awb-typography4-text-transform);--awb-margin-top:10px;--awb-text-font-family:&quot;Open Sans&quot;;--awb-text-font-style:normal;--awb-text-font-weight:400;\"><p>Ce site web est exploit\u00e9 par Satochip S.R.L., enregistr\u00e9e en Belgique sous le num\u00e9ro BE0770730524.<\/p>\n<p>Dans l&rsquo;ensemble du site, les termes \u00ab nous \u00bb, \u00ab notre \u00bb et \u00ab nos \u00bb font r\u00e9f\u00e9rence \u00e0 Satochip. Nous proposons ce site web, y compris toutes les informations, tous les outils et tous les services disponibles sur ce site, \u00e0 vous, l&rsquo;utilisateur, \u00e0 condition que vous acceptiez tous les termes, conditions, politiques et avis \u00e9nonc\u00e9s ici.<\/p>\n<p>En visitant notre site et\/ou en achetant quelque chose chez nous, vous vous engagez dans notre \u00ab service \u00bb et acceptez d&rsquo;\u00eatre li\u00e9 par les politiques de confidentialit\u00e9 suivantes (\u00ab Politique de confidentialit\u00e9 \u00bb), y compris les conditions et politiques suppl\u00e9mentaires r\u00e9f\u00e9renc\u00e9es dans le pr\u00e9sent document et\/ou disponibles par hyperlien. La pr\u00e9sente politique de confidentialit\u00e9 s&rsquo;applique \u00e0 tous les utilisateurs du site, y compris, mais sans s&rsquo;y limiter, les utilisateurs qui sont des navigateurs, des vendeurs, des clients, des commer\u00e7ants et\/ou des contributeurs de contenu.<\/p>\n<p>Veuillez lire attentivement la pr\u00e9sente politique de confidentialit\u00e9 avant d&rsquo;acc\u00e9der \u00e0 notre site web ou de l&rsquo;utiliser. En acc\u00e9dant au site ou en l&rsquo;utilisant, vous acceptez d&rsquo;\u00eatre li\u00e9 par la pr\u00e9sente politique de protection de la vie priv\u00e9e. Si vous n&rsquo;acceptez pas tous les termes et conditions de cet accord, vous ne pouvez pas acc\u00e9der au site web ou utiliser les services. Si la pr\u00e9sente politique de confidentialit\u00e9 est consid\u00e9r\u00e9e comme une offre, l&rsquo;acceptation est express\u00e9ment limit\u00e9e \u00e0 la pr\u00e9sente politique de confidentialit\u00e9.<\/p>\n<p>Toute nouvelle fonctionnalit\u00e9 ou tout nouvel outil ou produit ajout\u00e9 au magasin actuel sera \u00e9galement soumis \u00e0 la politique de confidentialit\u00e9. Vous pouvez consulter la version la plus r\u00e9cente de la politique de confidentialit\u00e9 \u00e0 tout moment sur cette page. Nous nous r\u00e9servons le droit de mettre \u00e0 jour, de modifier ou de remplacer toute partie de la pr\u00e9sente politique de confidentialit\u00e9 en publiant des mises \u00e0 jour et\/ou des modifications sur notre site web. Il est de votre responsabilit\u00e9 de v\u00e9rifier p\u00e9riodiquement si cette page a \u00e9t\u00e9 modifi\u00e9e. Le fait de continuer \u00e0 utiliser le site web ou d&rsquo;y acc\u00e9der apr\u00e8s la publication de toute modification constitue une acceptation de ces modifications.<\/p>\n<div id=\"ConnectiveDocSignExtentionInstalled\" data-extension-version=\"1.0.4\"><\/div>\n<\/div><\/div><\/div><div class=\"fusion-layout-column fusion_builder_column fusion-builder-column-2 fusion_builder_column_1_1 1_1 fusion-flex-column\" style=\"--awb-bg-position:center center;--awb-bg-size:cover;--awb-width-large:100%;--awb-margin-top-large:0px;--awb-spacing-right-large:0.98%;--awb-margin-bottom-large:20px;--awb-spacing-left-large:0.98%;--awb-width-medium:100%;--awb-order-medium:0;--awb-spacing-right-medium:0.98%;--awb-spacing-left-medium:0.98%;--awb-width-small:100%;--awb-order-small:0;--awb-spacing-right-small:0.98%;--awb-spacing-left-small:0.98%;\" data-scroll-devices=\"small-visibility,medium-visibility,large-visibility\"><div class=\"fusion-column-wrapper fusion-column-has-shadow fusion-flex-justify-content-flex-start fusion-content-layout-column\"><div class=\"fusion-title title fusion-title-3 fusion-sep-none fusion-title-text fusion-title-size-two\" style=\"--awb-margin-top:-15px;--awb-margin-top-small:10px;--awb-margin-right-small:0px;--awb-margin-bottom-small:10px;--awb-margin-left-small:0px;\"><h2 class=\"fusion-title-heading title-heading-left\" style=\"margin:0;\"><h3>\u00c2ge du consentement<\/h3><\/h2><\/div><div class=\"fusion-text fusion-text-3\" style=\"--awb-content-alignment:justify;--awb-font-size:16px;--awb-line-height:1.52;--awb-letter-spacing:var(--awb-typography4-letter-spacing);--awb-text-transform:var(--awb-typography4-text-transform);--awb-margin-top:10px;--awb-text-font-family:&quot;Open Sans&quot;;--awb-text-font-style:normal;--awb-text-font-weight:400;\"><div class=\"m-top-xlarge\">\n<p>En utilisant ce site web, vous d\u00e9clarez que vous avez au moins l&rsquo;\u00e2ge de la majorit\u00e9 dans votre \u00c9tat, province ou pays de r\u00e9sidence, ou que vous avez l&rsquo;\u00e2ge de la majorit\u00e9 dans votre \u00c9tat, province ou pays de r\u00e9sidence et que vous nous avez donn\u00e9 votre consentement pour permettre \u00e0 toute personne mineure \u00e0 votre charge d&rsquo;utiliser ce site.<\/p>\n<\/div>\n<\/div><div class=\"fusion-title title fusion-title-4 fusion-sep-none fusion-title-text fusion-title-size-two\" style=\"--awb-margin-top:-15px;--awb-margin-top-small:10px;--awb-margin-right-small:0px;--awb-margin-bottom-small:10px;--awb-margin-left-small:0px;\"><h2 class=\"fusion-title-heading title-heading-left\" style=\"margin:0;\"><h3>Quelles donn\u00e9es recueillons-nous et comment ?<\/h3><\/h2><\/div><div class=\"fusion-text fusion-text-4\" style=\"--awb-content-alignment:justify;--awb-font-size:16px;--awb-line-height:1.52;--awb-letter-spacing:var(--awb-typography4-letter-spacing);--awb-text-transform:var(--awb-typography4-text-transform);--awb-margin-top:10px;--awb-text-font-family:&quot;Open Sans&quot;;--awb-text-font-style:normal;--awb-text-font-weight:400;\"><p>Nous recueillons les donn\u00e9es suivantes :<\/p>\n<ul>\n<li>Lorsque vous effectuez un achat dans notre boutique en ligne, nous recueillons les informations personnelles que vous nous communiquez : vos nom et pr\u00e9nom, votre adresse et votre adresse \u00e9lectronique, ainsi que toute autre information utile nous permettant de vous envoyer le produit achet\u00e9.<\/li>\n<li>Lorsque vous naviguez sur notre site web, nous pouvons recevoir l&rsquo;adresse IP (Internet Protocol) de votre ordinateur afin d&rsquo;en savoir plus sur votre navigateur et votre syst\u00e8me d&rsquo;exploitation et d&rsquo;am\u00e9liorer l&rsquo;exp\u00e9rience de l&rsquo;utilisateur (par exemple en vous proposant un contenu traduit automatiquement).<\/li>\n<li>Apr\u00e8s l&rsquo;achat d&rsquo;un produit, nous pouvons vous envoyer des courriels concernant des avis de s\u00e9curit\u00e9 importants, de nouveaux produits et des mises \u00e0 jour de Satochip.<\/li>\n<li>Lorsque vous utilisez l&rsquo;application mobile (2FA) ou l&rsquo;application de bureau, l&rsquo;application doit utiliser l&rsquo;appareil photo (\u00ab autorisation de l&rsquo;appareil photo \u00bb) afin de coupler les deux applications ou d&rsquo;acqu\u00e9rir des informations pour effectuer une transaction.<\/li>\n<li>Satochip n&rsquo;a pas vendu, ne vend pas, ne loue pas et ne louera pas \u00e0 l&rsquo;avenir ses listes de clients et\/ou ses noms \u00e0 des tiers &#8211; jamais !<\/li>\n<\/ul>\n<\/div><div class=\"fusion-title title fusion-title-5 fusion-sep-none fusion-title-text fusion-title-size-two\" style=\"--awb-margin-top:-15px;--awb-margin-top-small:10px;--awb-margin-right-small:0px;--awb-margin-bottom-small:10px;--awb-margin-left-small:0px;\"><h2 class=\"fusion-title-heading title-heading-left\" style=\"margin:0;\"><h3>Comment utilisons-nous vos donn\u00e9es ?<\/h3><\/h2><\/div><div class=\"fusion-text fusion-text-5\" style=\"--awb-content-alignment:justify;--awb-font-size:16px;--awb-line-height:1.52;--awb-letter-spacing:var(--awb-typography4-letter-spacing);--awb-text-transform:var(--awb-typography4-text-transform);--awb-margin-top:10px;--awb-text-font-family:&quot;Open Sans&quot;;--awb-text-font-style:normal;--awb-text-font-weight:400;\"><p>Satochip n&rsquo;a pas vendu, ne vend pas, ne loue pas et ne louera pas \u00e0 l&rsquo;avenir ses listes de clients et\/ou ses noms \u00e0 des tiers &#8211; jamais !<br \/>\nVos donn\u00e9es ne seront utilis\u00e9es que pour traiter vos commandes, pour vous contacter \u00e0 des fins de marketing et pour un usage l\u00e9gal uniquement.<\/p>\n<div class=\"m-top-xlarge\">\n<p>Nous pouvons divulguer vos informations personnelles si la loi nous y oblige ou si vous enfreignez <a href=\"https:\/\/satochip.io\/fr\/conditions-dutilisation\/\" target=\"_blank\" rel=\"noopener\">nos conditions d&rsquo;utilisation. <\/a><\/p>\n<\/div>\n<\/div><\/div><\/div><div class=\"fusion-layout-column fusion_builder_column fusion-builder-column-3 fusion_builder_column_1_1 1_1 fusion-flex-column\" style=\"--awb-bg-position:center bottom;--awb-bg-size:cover;--awb-width-large:100%;--awb-margin-top-large:0px;--awb-spacing-right-large:0.98%;--awb-margin-bottom-large:20px;--awb-spacing-left-large:0.98%;--awb-width-medium:100%;--awb-order-medium:0;--awb-spacing-right-medium:0.98%;--awb-spacing-left-medium:0.98%;--awb-width-small:100%;--awb-order-small:0;--awb-spacing-right-small:0.98%;--awb-spacing-left-small:0.98%;\" data-scroll-devices=\"small-visibility,medium-visibility,large-visibility\"><div class=\"fusion-column-wrapper fusion-column-has-shadow fusion-flex-justify-content-flex-start fusion-content-layout-column\"><div class=\"fusion-title title fusion-title-6 fusion-sep-none fusion-title-text fusion-title-size-two\" style=\"--awb-margin-top:-15px;--awb-margin-top-small:10px;--awb-margin-right-small:0px;--awb-margin-bottom-small:10px;--awb-margin-left-small:0px;\"><h2 class=\"fusion-title-heading title-heading-left\" style=\"margin:0;\"><h3>S\u00e9curit\u00e9<\/h3><\/h2><\/div><div class=\"fusion-text fusion-text-6\" style=\"--awb-content-alignment:justify;--awb-font-size:16px;--awb-line-height:1.52;--awb-letter-spacing:var(--awb-typography4-letter-spacing);--awb-text-transform:var(--awb-typography4-text-transform);--awb-margin-top:10px;--awb-text-font-family:&quot;Open Sans&quot;;--awb-text-font-style:normal;--awb-text-font-weight:400;\"><div class=\"m-top-xlarge\">\n<div class=\"m-top-xlarge\">\n<p>Pour prot\u00e9ger vos informations personnelles, nous prenons des pr\u00e9cautions raisonnables et suivons les meilleures pratiques du secteur pour nous assurer qu&rsquo;elles ne sont pas perdues, mal utilis\u00e9es, consult\u00e9es, divulgu\u00e9es, modifi\u00e9es ou d\u00e9truites de mani\u00e8re inappropri\u00e9e.<\/p>\n<\/div>\n<\/div>\n<\/div><\/div><\/div><div class=\"fusion-layout-column fusion_builder_column fusion-builder-column-4 fusion_builder_column_1_1 1_1 fusion-flex-column\" style=\"--awb-bg-position:right top;--awb-bg-size:cover;--awb-width-large:100%;--awb-margin-top-large:0px;--awb-spacing-right-large:0.98%;--awb-margin-bottom-large:20px;--awb-spacing-left-large:0.98%;--awb-width-medium:100%;--awb-order-medium:0;--awb-spacing-right-medium:0.98%;--awb-spacing-left-medium:0.98%;--awb-width-small:100%;--awb-order-small:0;--awb-spacing-right-small:0.98%;--awb-spacing-left-small:0.98%;\" data-scroll-devices=\"small-visibility,medium-visibility,large-visibility\"><div class=\"fusion-column-wrapper fusion-column-has-shadow fusion-flex-justify-content-flex-start fusion-content-layout-column\"><div class=\"fusion-title title fusion-title-7 fusion-sep-none fusion-title-text fusion-title-size-two\" style=\"--awb-margin-top:-15px;--awb-margin-top-small:10px;--awb-margin-right-small:0px;--awb-margin-bottom-small:10px;--awb-margin-left-small:0px;\"><h2 class=\"fusion-title-heading title-heading-left\" style=\"margin:0;\"><h3>Consentement et droits ?<\/h3><\/h2><\/div><div class=\"fusion-text fusion-text-7\" style=\"--awb-content-alignment:justify;--awb-font-size:16px;--awb-line-height:1.52;--awb-letter-spacing:var(--awb-typography4-letter-spacing);--awb-text-transform:var(--awb-typography4-text-transform);--awb-margin-top:10px;--awb-text-font-family:&quot;Open Sans&quot;;--awb-text-font-style:normal;--awb-text-font-weight:400;\"><p>Lorsque vous saisissez des informations personnelles pour passer ou modifier une commande, nous supposons que vous consentez \u00e0 ce que nous les recueillions. Lorsque vous installez l&rsquo;application mobile ou l&rsquo;application de bureau, nous supposons que vous acceptez toutes les autorisations n\u00e9cessaires.<\/p>\n<p>Vous pouvez retirer votre consentement \u00e0 tout moment en d\u00e9sinstallant l&rsquo;application mobile ou l&rsquo;application de bureau ou en nous contactant \u00e0 support[-@-]satochip.io.<\/p>\n<p>En outre, nous souhaitons nous assurer que vous \u00eates pleinement conscient de vos droits en mati\u00e8re de protection des donn\u00e9es. Chaque utilisateur a droit \u00e0 ce qui suit :<\/p>\n<ul>\n<li>Droit d&rsquo;acc\u00e8s &#8211; Vous avez le droit de demander \u00e0 Satochip des copies de vos donn\u00e9es personnelles. Ce service peut n\u00e9amoins vous \u00eatre factur\u00e9.<\/li>\n<li>Droit de rectification &#8211; Vous avez le droit de demander \u00e0 notre soci\u00e9t\u00e9 de corriger toute information que vous estimez inexacte. Vous avez \u00e9galement le droit de demander \u00e0 notre soci\u00e9t\u00e9 de compl\u00e9ter les informations que vous estimez incompl\u00e8tes.<\/li>\n<li>Le droit \u00e0 l&rsquo;effacement &#8211; Vous avez le droit de demander \u00e0 notre soci\u00e9t\u00e9 d&rsquo;effacer vos donn\u00e9es personnelles sous certaines conditions.<\/li>\n<li>Le droit de restreindre le traitement &#8211; Vous avez le droit de demander \u00e0 notre soci\u00e9t\u00e9 de restreindre le traitement de vos donn\u00e9es personnelles, sous certaines conditions.<\/li>\n<li>Droit \u00e0 la portabilit\u00e9 des donn\u00e9es &#8211; Vous avez le droit de demander \u00e0 notre soci\u00e9t\u00e9 de transf\u00e9rer les donn\u00e9es que nous avons collect\u00e9es \u00e0 une autre organisation, ou directement \u00e0 vous, sous certaines conditions.<\/li>\n<\/ul>\n<p>Si vous faites une demande, nous avons un mois pour vous r\u00e9pondre.<br \/>\nSi vous souhaitez exercer l&rsquo;un de ces droits, veuillez nous contacter \u00e0 notre adresse \u00e9lectronique : support[-@-]satochip.io.<\/p>\n<\/div><div class=\"fusion-title title fusion-title-8 fusion-sep-none fusion-title-text fusion-title-size-two\" style=\"--awb-margin-top:-15px;--awb-margin-top-small:10px;--awb-margin-right-small:0px;--awb-margin-bottom-small:10px;--awb-margin-left-small:0px;\"><h2 class=\"fusion-title-heading title-heading-left\" style=\"margin:0;\"><h3>Services et liens avec des tiers<\/h3><\/h2><\/div><div class=\"fusion-text fusion-text-8\" style=\"--awb-content-alignment:justify;--awb-font-size:16px;--awb-line-height:1.52;--awb-letter-spacing:var(--awb-typography4-letter-spacing);--awb-text-transform:var(--awb-typography4-text-transform);--awb-margin-top:10px;--awb-text-font-family:&quot;Open Sans&quot;;--awb-text-font-style:normal;--awb-text-font-weight:400;\"><div class=\"m-top-xlarge\">\n<p>Les fournisseurs de services tiers, tels que les explorateurs de blockchain, les passerelles de paiement et les processeurs de transactions de paiement, ont leurs propres politiques de confidentialit\u00e9 en ce qui concerne les informations que nous sommes tenus de leur fournir afin de remplir nos services \u00e0 votre \u00e9gard. Nous vous recommandons de lire leurs politiques de confidentialit\u00e9 afin de comprendre comment ils traitent vos informations personnelles.<\/p>\n<p>Les fournisseurs de services tiers peuvent \u00eatre situ\u00e9s ou avoir des installations situ\u00e9es dans une juridiction diff\u00e9rente de la v\u00f4tre ou de la n\u00f4tre. Dans ce cas, vos informations peuvent \u00eatre soumises aux lois de la (des) juridiction(s) dans laquelle (lesquelles) ce fournisseur de services ou ses installations sont situ\u00e9s.<\/p>\n<p>D\u00e8s que vous quittez le site web de notre magasin ou que vous \u00eates redirig\u00e9 vers le site web ou l&rsquo;application d&rsquo;un tiers, vous n&rsquo;\u00eates plus r\u00e9gi par la pr\u00e9sente politique de confidentialit\u00e9 ni par les conditions de service de notre site web.<\/p>\n<\/div>\n<div class=\"m-top-xlarge\">\n<p>Lorsque vous cliquez sur des liens figurant sur notre site web, ceux-ci peuvent vous diriger vers le site web d&rsquo;un tiers. Nous ne sommes pas responsables des pratiques des autres sites en mati\u00e8re de respect de la vie priv\u00e9e et nous vous encourageons \u00e0 lire leurs d\u00e9clarations de confidentialit\u00e9.<\/p>\n<\/div>\n<\/div><div class=\"fusion-title title fusion-title-9 fusion-sep-none fusion-title-text fusion-title-size-two\" style=\"--awb-margin-top:-15px;--awb-margin-top-small:10px;--awb-margin-right-small:0px;--awb-margin-bottom-small:10px;--awb-margin-left-small:0px;\"><h2 class=\"fusion-title-heading title-heading-left\" style=\"margin:0;\"><h3>Politique relative aux cookies<\/h3><\/h2><\/div><div class=\"fusion-text fusion-text-9\" style=\"--awb-content-alignment:justify;--awb-font-size:16px;--awb-line-height:1.52;--awb-letter-spacing:var(--awb-typography4-letter-spacing);--awb-text-transform:var(--awb-typography4-text-transform);--awb-margin-top:10px;--awb-text-font-family:&quot;Open Sans&quot;;--awb-text-font-style:normal;--awb-text-font-weight:400;\"><div class=\"m-top-xlarge\">\n<div class=\"m-top-xlarge\">\n<p>Notre <a href=\"https:\/\/satochip.io\/fr\/politique-de-confidentialite\/\" target=\"_blank\" rel=\"noopener\">politique de confidentialit\u00e9<\/a> explique nos principes en mati\u00e8re de collecte, de traitement et de stockage de vos informations. Il explique sp\u00e9cifiquement comment nous, nos partenaires et les utilisateurs de nos services d\u00e9ploient des cookies, ainsi que les options dont vous disposez pour les contr\u00f4ler.<\/p>\n<\/div>\n<\/div>\n<\/div><div class=\"fusion-title title fusion-title-10 fusion-sep-none fusion-title-text fusion-title-size-two\" style=\"--awb-margin-top:-15px;--awb-margin-top-small:10px;--awb-margin-right-small:0px;--awb-margin-bottom-small:10px;--awb-margin-left-small:0px;\"><h2 class=\"fusion-title-heading title-heading-left\" style=\"margin:0;\"><h3>Modifications de la pr\u00e9sente politique de protection de la vie priv\u00e9e<\/h3><\/h2><\/div><div class=\"fusion-text fusion-text-10\" style=\"--awb-content-alignment:justify;--awb-font-size:16px;--awb-line-height:1.52;--awb-letter-spacing:var(--awb-typography4-letter-spacing);--awb-text-transform:var(--awb-typography4-text-transform);--awb-margin-top:10px;--awb-text-font-family:&quot;Open Sans&quot;;--awb-text-font-style:normal;--awb-text-font-weight:400;\"><div class=\"m-top-xlarge\">\n<div class=\"m-top-xlarge\">\n<p>Nous nous r\u00e9servons le droit de modifier la pr\u00e9sente politique de confidentialit\u00e9 \u00e0 tout moment, c&rsquo;est pourquoi nous vous invitons \u00e0 la consulter r\u00e9guli\u00e8rement. Les modifications et clarifications prendront effet imm\u00e9diatement apr\u00e8s leur publication sur le site web. Si nous apportons des modifications importantes \u00e0 cette politique, nous vous informerons ici qu&rsquo;elle a \u00e9t\u00e9 mise \u00e0 jour, afin que vous sachiez quelles informations nous recueillons, comment nous les utilisons et dans quelles circonstances, le cas \u00e9ch\u00e9ant, nous les utilisons et\/ou les divulguons.<\/p>\n<p>Si notre soci\u00e9t\u00e9 est acquise ou fusionn\u00e9e avec une autre soci\u00e9t\u00e9, vos informations peuvent \u00eatre transf\u00e9r\u00e9es aux nouveaux propri\u00e9taires afin que nous puissions continuer \u00e0 vous vendre des produits.<\/p>\n<\/div>\n<\/div>\n<\/div><div class=\"fusion-title title fusion-title-11 fusion-sep-none fusion-title-text fusion-title-size-two\" style=\"--awb-margin-top:-15px;--awb-margin-top-small:10px;--awb-margin-right-small:0px;--awb-margin-bottom-small:10px;--awb-margin-left-small:0px;\"><h2 class=\"fusion-title-heading title-heading-left\" style=\"margin:0;\"><h3>Informations de contact<\/h3><\/h2><\/div><div class=\"fusion-text fusion-text-11\" style=\"--awb-content-alignment:justify;--awb-font-size:16px;--awb-line-height:1.52;--awb-letter-spacing:var(--awb-typography4-letter-spacing);--awb-text-transform:var(--awb-typography4-text-transform);--awb-margin-top:10px;--awb-text-font-family:&quot;Open Sans&quot;;--awb-text-font-style:normal;--awb-text-font-weight:400;\"><p>Veuillez signaler toute violation ou erreur dans la pr\u00e9sente politique de confidentialit\u00e9 \u00e0 : support[-@-]satochip.io<\/p>\n<\/div><\/div><\/div><\/div><\/div>\n","protected":false},"excerpt":{"rendered":"","protected":false},"author":1,"featured_media":0,"parent":0,"menu_order":0,"comment_status":"closed","ping_status":"closed","template":"","meta":{"footnotes":""},"class_list":["post-13093","page","type-page","status-publish","hentry"],"_links":{"self":[{"href":"https:\/\/satochip.io\/fr\/wp-json\/wp\/v2\/pages\/13093","targetHints":{"allow":["GET"]}}],"collection":[{"href":"https:\/\/satochip.io\/fr\/wp-json\/wp\/v2\/pages"}],"about":[{"href":"https:\/\/satochip.io\/fr\/wp-json\/wp\/v2\/types\/page"}],"author":[{"embeddable":true,"href":"https:\/\/satochip.io\/fr\/wp-json\/wp\/v2\/users\/1"}],"replies":[{"embeddable":true,"href":"https:\/\/satochip.io\/fr\/wp-json\/wp\/v2\/comments?post=13093"}],"version-history":[{"count":0,"href":"https:\/\/satochip.io\/fr\/wp-json\/wp\/v2\/pages\/13093\/revisions"}],"wp:attachment":[{"href":"https:\/\/satochip.io\/fr\/wp-json\/wp\/v2\/media?parent=13093"}],"curies":[{"name":"wp","href":"https:\/\/api.w.org\/{rel}","templated":true}]}}