{"id":12936,"date":"2023-08-17T12:53:13","date_gmt":"2023-08-17T10:53:13","guid":{"rendered":"https:\/\/satochip.io\/assistance\/"},"modified":"2024-12-16T13:48:20","modified_gmt":"2024-12-16T12:48:20","slug":"assistance","status":"publish","type":"page","link":"https:\/\/satochip.io\/fr\/assistance\/","title":{"rendered":"Assistance"},"content":{"rendered":"<div class=\"fusion-fullwidth fullwidth-box fusion-builder-row-1 fusion-flex-container has-pattern-background has-mask-background fusion-parallax-none hundred-percent-fullwidth non-hundred-percent-height-scrolling lazyload cards\" style=\"--awb-background-position:center top;--awb-border-radius-top-left:20px;--awb-border-radius-top-right:20px;--awb-border-radius-bottom-right:20px;--awb-border-radius-bottom-left:20px;--awb-overflow:hidden;--awb-padding-top:100px;--awb-padding-right:8%;--awb-padding-left:8%;--awb-padding-right-medium:5%;--awb-padding-left-medium:5%;--awb-padding-right-small:2%;--awb-padding-left-small:2%;--awb-background-color:rgba(28,28,28,0);--awb-background-size:cover;--awb-flex-wrap:wrap;\" data-bg=\"https:\/\/satochip.io\/wp-content\/uploads\/2023\/08\/only_orange_glow.png\" ><div class=\"fusion-builder-row fusion-row fusion-flex-align-items-flex-start fusion-flex-content-wrap\" style=\"width:104% !important;max-width:104% !important;margin-left: calc(-4% \/ 2 );margin-right: calc(-4% \/ 2 );\"><div class=\"fusion-layout-column fusion_builder_column fusion-builder-column-0 fusion_builder_column_1_1 1_1 fusion-flex-column\" style=\"--awb-bg-size:cover;--awb-width-large:100%;--awb-margin-top-large:0px;--awb-spacing-right-large:1.92%;--awb-margin-bottom-large:20px;--awb-spacing-left-large:1.92%;--awb-width-medium:100%;--awb-order-medium:0;--awb-spacing-right-medium:1.92%;--awb-spacing-left-medium:1.92%;--awb-width-small:100%;--awb-order-small:0;--awb-spacing-right-small:1.92%;--awb-spacing-left-small:1.92%;\" data-scroll-devices=\"small-visibility,medium-visibility,large-visibility\"><div class=\"fusion-column-wrapper fusion-column-has-shadow fusion-flex-justify-content-flex-start fusion-content-layout-column\"><div class=\"fusion-title title fusion-title-1 fusion-sep-none fusion-title-center fusion-title-text fusion-title-size-one\" style=\"--awb-margin-bottom:50px;--awb-margin-top-small:10px;--awb-margin-right-small:0px;--awb-margin-bottom-small:10px;--awb-margin-left-small:0px;\"><h1 class=\"fusion-title-heading title-heading-center\" style=\"margin:0;\"><h1 style=\"text-align: center;\">Assistance<\/h1><\/h1><\/div><\/div><\/div><div class=\"fusion-layout-column fusion_builder_column fusion-builder-column-1 fusion_builder_column_1_3 1_3 fusion-flex-column fusion-flex-align-self-stretch fusion-column-inner-bg-wrapper fusion-column-liftup-border\" style=\"--awb-overflow:hidden;--awb-inner-bg-color:rgba(237,237,237,0.05);--awb-inner-bg-color-hover:rgba(237,237,237,0.05);--awb-inner-bg-size:cover;--awb-border-color:rgba(237,237,237,0.2);--awb-inner-border-color:rgba(237,237,237,0.2);--awb-border-top:0;--awb-inner-border-top:0;--awb-border-right:0;--awb-inner-border-right:0;--awb-border-bottom:0;--awb-inner-border-bottom:0;--awb-border-left:0;--awb-inner-border-left:0;--awb-border-style:solid;--awb-inner-border-style:solid;--awb-border-radius:20px 20px 20px 20px;--awb-liftup-border-radius:20px 20px 20px 20px;--awb-width-large:33.333333333333%;--awb-margin-top-large:0px;--awb-spacing-right-large:5.76%;--awb-margin-bottom-large:20px;--awb-spacing-left-large:5.76%;--awb-width-medium:100%;--awb-order-medium:0;--awb-spacing-right-medium:1.92%;--awb-spacing-left-medium:1.92%;--awb-width-small:100%;--awb-order-small:0;--awb-spacing-right-small:1.92%;--awb-spacing-left-small:1.92%;\" data-scroll-devices=\"small-visibility,medium-visibility,large-visibility\"><span class=\"fusion-column-inner-bg hover-type-liftup\"><a class=\"fusion-column-anchor\" href=\"https:\/\/satochip.io\/fr\/guide-de-demarrage\/\"><span class=\"fusion-column-inner-bg-image\"><\/span><\/a><\/span><div class=\"fusion-column-wrapper fusion-flex-justify-content-flex-start fusion-content-layout-column\"><div class=\"fusion-image-element \" style=\"--awb-caption-title-font-family:var(--h2_typography-font-family);--awb-caption-title-font-weight:var(--h2_typography-font-weight);--awb-caption-title-font-style:var(--h2_typography-font-style);--awb-caption-title-size:var(--h2_typography-font-size);--awb-caption-title-transform:var(--h2_typography-text-transform);--awb-caption-title-line-height:var(--h2_typography-line-height);--awb-caption-title-letter-spacing:var(--h2_typography-letter-spacing);\"><span class=\" fusion-imageframe imageframe-none imageframe-1 hover-type-none imgcards\"><img decoding=\"async\" width=\"1920\" height=\"1280\" title=\"illustration-quickstart-01\" src=\"https:\/\/satochip.io\/wp-content\/uploads\/2023\/08\/illustration-quickstart-01.webp\" data-orig-src=\"https:\/\/satochip.io\/wp-content\/uploads\/2023\/08\/illustration-quickstart-01.webp\" alt class=\"lazyload img-responsive wp-image-12585\" srcset=\"data:image\/svg+xml,%3Csvg%20xmlns%3D%27http%3A%2F%2Fwww.w3.org%2F2000%2Fsvg%27%20width%3D%271920%27%20height%3D%271280%27%20viewBox%3D%270%200%201920%201280%27%3E%3Crect%20width%3D%271920%27%20height%3D%271280%27%20fill-opacity%3D%220%22%2F%3E%3C%2Fsvg%3E\" data-srcset=\"https:\/\/satochip.io\/wp-content\/uploads\/2023\/08\/illustration-quickstart-01-200x133.webp 200w, https:\/\/satochip.io\/wp-content\/uploads\/2023\/08\/illustration-quickstart-01-400x267.webp 400w, https:\/\/satochip.io\/wp-content\/uploads\/2023\/08\/illustration-quickstart-01-600x400.webp 600w, https:\/\/satochip.io\/wp-content\/uploads\/2023\/08\/illustration-quickstart-01-800x533.webp 800w, https:\/\/satochip.io\/wp-content\/uploads\/2023\/08\/illustration-quickstart-01-1200x800.webp 1200w, https:\/\/satochip.io\/wp-content\/uploads\/2023\/08\/illustration-quickstart-01.webp 1920w\" data-sizes=\"auto\" data-orig-sizes=\"(max-width: 500px) 100vw, (max-width: 1919px) 600px,(min-width: 1920px) 33vw\" \/><\/span><\/div><div class=\"fusion-title title fusion-title-2 fusion-sep-none fusion-title-text fusion-title-size-three\" style=\"--awb-margin-top:30px;--awb-margin-right:30px;--awb-margin-left:30px;--awb-margin-top-small:10px;--awb-margin-right-small:0px;--awb-margin-bottom-small:10px;--awb-margin-left-small:0px;\"><h3 class=\"fusion-title-heading title-heading-left md-text-align-center sm-text-align-center\" style=\"margin:0;\"><h3 style=\"text-align: left;\">Guide de d\u00e9marrage<\/h3><\/h3><\/div><div class=\"fusion-text fusion-text-1\" style=\"--awb-margin-top:20px;--awb-margin-right:30px;--awb-margin-left:30px;\"><p>Vous plongez pour la premi\u00e8re fois dans l&rsquo;univers Satochip ? Notre guide de d\u00e9marrage rapide est con\u00e7u pour que vous puissiez d\u00e9marrer en douceur. Du d\u00e9ballage de votre carte \u00e0 la r\u00e9alisation de votre premi\u00e8re transaction, nous avons tout pr\u00e9vu.<\/p>\n<\/div><div style=\"text-align:center;\"><a class=\"fusion-button button-flat fusion-button-default-size button-default fusion-button-default button-1 fusion-button-default-span fusion-button-default-type\" style=\"--button-border-radius-top-right:50px;--button-border-radius-bottom-right:50px;--button-border-radius-bottom-left:50px;--button_margin-top:20px;--button_margin-bottom:30px;\" target=\"_self\" href=\"https:\/\/satochip.io\/fr\/guide-de-demarrage\/\"><i class=\"fa-meteor fas awb-button__icon awb-button__icon--default button-icon-left\" aria-hidden=\"true\"><\/i><span class=\"fusion-button-text awb-button__text awb-button__text--default\">Guide de d\u00e9marrage<\/span><\/a><\/div><\/div><\/div><div class=\"fusion-layout-column fusion_builder_column fusion-builder-column-2 fusion_builder_column_1_3 1_3 fusion-flex-column fusion-flex-align-self-stretch fusion-column-inner-bg-wrapper fusion-column-liftup-border\" style=\"--awb-overflow:hidden;--awb-inner-bg-color:rgba(237,237,237,0.05);--awb-inner-bg-color-hover:rgba(237,237,237,0.05);--awb-inner-bg-size:cover;--awb-border-color:rgba(237,237,237,0.2);--awb-inner-border-color:rgba(237,237,237,0.2);--awb-border-top:0;--awb-inner-border-top:0;--awb-border-right:0;--awb-inner-border-right:0;--awb-border-bottom:0;--awb-inner-border-bottom:0;--awb-border-left:0;--awb-inner-border-left:0;--awb-border-style:solid;--awb-inner-border-style:solid;--awb-border-radius:20px 20px 20px 20px;--awb-liftup-border-radius:20px 20px 20px 20px;--awb-width-large:33.333333333333%;--awb-margin-top-large:0px;--awb-spacing-right-large:5.76%;--awb-margin-bottom-large:20px;--awb-spacing-left-large:5.76%;--awb-width-medium:100%;--awb-order-medium:0;--awb-spacing-right-medium:1.92%;--awb-spacing-left-medium:1.92%;--awb-width-small:100%;--awb-order-small:0;--awb-spacing-right-small:1.92%;--awb-spacing-left-small:1.92%;\" data-scroll-devices=\"small-visibility,medium-visibility,large-visibility\"><span class=\"fusion-column-inner-bg hover-type-liftup\"><a class=\"fusion-column-anchor\" href=\"https:\/\/satochip.io\/fr\/faq\/\"><span class=\"fusion-column-inner-bg-image\"><\/span><\/a><\/span><div class=\"fusion-column-wrapper fusion-flex-justify-content-flex-start fusion-content-layout-column\"><div class=\"fusion-image-element \" style=\"--awb-caption-title-font-family:var(--h2_typography-font-family);--awb-caption-title-font-weight:var(--h2_typography-font-weight);--awb-caption-title-font-style:var(--h2_typography-font-style);--awb-caption-title-size:var(--h2_typography-font-size);--awb-caption-title-transform:var(--h2_typography-text-transform);--awb-caption-title-line-height:var(--h2_typography-line-height);--awb-caption-title-letter-spacing:var(--h2_typography-letter-spacing);\"><span class=\" fusion-imageframe imageframe-none imageframe-2 hover-type-none imgcards\"><img decoding=\"async\" width=\"1920\" height=\"1280\" alt=\"FAQ - Frequently Asked Questions - Satochip\" title=\"illustration-faq-04\" src=\"https:\/\/satochip.io\/wp-content\/uploads\/2023\/08\/illustration-faq-04.webp\" data-orig-src=\"https:\/\/satochip.io\/wp-content\/uploads\/2023\/08\/illustration-faq-04.webp\" class=\"lazyload img-responsive wp-image-12586\" srcset=\"data:image\/svg+xml,%3Csvg%20xmlns%3D%27http%3A%2F%2Fwww.w3.org%2F2000%2Fsvg%27%20width%3D%271920%27%20height%3D%271280%27%20viewBox%3D%270%200%201920%201280%27%3E%3Crect%20width%3D%271920%27%20height%3D%271280%27%20fill-opacity%3D%220%22%2F%3E%3C%2Fsvg%3E\" data-srcset=\"https:\/\/satochip.io\/wp-content\/uploads\/2023\/08\/illustration-faq-04-200x133.webp 200w, https:\/\/satochip.io\/wp-content\/uploads\/2023\/08\/illustration-faq-04-400x267.webp 400w, https:\/\/satochip.io\/wp-content\/uploads\/2023\/08\/illustration-faq-04-600x400.webp 600w, https:\/\/satochip.io\/wp-content\/uploads\/2023\/08\/illustration-faq-04-800x533.webp 800w, https:\/\/satochip.io\/wp-content\/uploads\/2023\/08\/illustration-faq-04-1200x800.webp 1200w, https:\/\/satochip.io\/wp-content\/uploads\/2023\/08\/illustration-faq-04.webp 1920w\" data-sizes=\"auto\" data-orig-sizes=\"(max-width: 500px) 100vw, (max-width: 1919px) 600px,(min-width: 1920px) 33vw\" \/><\/span><\/div><div class=\"fusion-title title fusion-title-3 fusion-sep-none fusion-title-text fusion-title-size-three\" style=\"--awb-margin-top:30px;--awb-margin-right:30px;--awb-margin-left:30px;--awb-margin-top-small:10px;--awb-margin-right-small:0px;--awb-margin-bottom-small:10px;--awb-margin-left-small:0px;\"><h3 class=\"fusion-title-heading title-heading-left md-text-align-center sm-text-align-center\" style=\"margin:0;\"><h3>FAQ<\/h3><\/h3><\/div><div class=\"fusion-text fusion-text-2\" style=\"--awb-margin-top:20px;--awb-margin-right:30px;--awb-margin-left:30px;\"><p>Vous avez des questions ? Nous avons les r\u00e9ponses. Notre foire aux questions couvre un large \u00e9ventail de sujets allant de la r\u00e9solution de probl\u00e8mes courants \u00e0 la compr\u00e9hension des tenants et aboutissants de votre produit Satochip.<\/p>\n<\/div><div style=\"text-align:center;\"><a class=\"fusion-button button-flat fusion-button-default-size button-default fusion-button-default button-2 fusion-button-default-span fusion-button-default-type\" style=\"--button-border-radius-top-right:50px;--button-border-radius-bottom-right:50px;--button-border-radius-bottom-left:50px;--button_margin-top:20px;--button_margin-bottom:30px;\" target=\"_blank\" rel=\"noopener noreferrer\" href=\"https:\/\/satochip.io\/fr\/faq\/\"><i class=\"fa-question-circle fas awb-button__icon awb-button__icon--default button-icon-left\" aria-hidden=\"true\"><\/i><span class=\"fusion-button-text awb-button__text awb-button__text--default\">Lire la FAQ<\/span><\/a><\/div><\/div><\/div><div class=\"fusion-layout-column fusion_builder_column fusion-builder-column-3 fusion_builder_column_1_3 1_3 fusion-flex-column fusion-flex-align-self-stretch\" style=\"--awb-padding-right:40px;--awb-padding-bottom:40px;--awb-padding-left:40px;--awb-overflow:hidden;--awb-bg-color:rgba(0,0,0,0.35);--awb-bg-color-hover:rgba(0,0,0,0.35);--awb-bg-size:cover;--awb-border-radius:20px 20px 20px 20px;--awb-width-large:33.333333333333%;--awb-margin-top-large:0px;--awb-spacing-right-large:5.76%;--awb-margin-bottom-large:20px;--awb-spacing-left-large:5.76%;--awb-width-medium:100%;--awb-order-medium:0;--awb-spacing-right-medium:1.92%;--awb-spacing-left-medium:1.92%;--awb-width-small:100%;--awb-order-small:0;--awb-spacing-right-small:1.92%;--awb-spacing-left-small:1.92%;\" data-scroll-devices=\"small-visibility,medium-visibility,large-visibility\"><div class=\"fusion-column-wrapper fusion-column-has-shadow fusion-flex-justify-content-space-evenly fusion-content-layout-column\"><div class=\"fusion-title title fusion-title-4 fusion-sep-none fusion-title-text fusion-title-size-three\" style=\"--awb-margin-top:25px;--awb-margin-top-small:10px;--awb-margin-right-small:0px;--awb-margin-bottom-small:10px;--awb-margin-left-small:0px;\"><h3 class=\"fusion-title-heading title-heading-left md-text-align-center sm-text-align-center\" style=\"margin:0;\"><h3>Contactez-nous<\/h3><\/h3><\/div><div class=\"fusion-text fusion-text-3\" style=\"--awb-margin-top:20px;\"><p>Vous rencontrez des difficult\u00e9s ou avez des questions sp\u00e9cifiques ? N&rsquo;h\u00e9sitez pas \u00e0 nous contacter.<br \/>\nOuvrez un ticket d&rsquo;assistance et notre \u00e9quipe d\u00e9vou\u00e9e vous aidera rapidement. Votre exp\u00e9rience est importante pour nous et nous sommes l\u00e0 pour veiller \u00e0 ce qu&rsquo;elle soit optimale.<\/p>\n<\/div><div style=\"text-align:left;\"><a class=\"fusion-button button-flat fusion-button-default-size button-default fusion-button-default button-3 fusion-button-default-span fusion-button-default-type\" style=\"--button-border-radius-top-right:50px;--button-border-radius-bottom-right:50px;--button-border-radius-bottom-left:50px;--button_margin-top:10px;\" target=\"_self\" href=\"#\" data-toggle=\"modal\" data-target=\".fusion-modal.hubspot_assistance_form\"><i class=\"fa-ticket-alt fas awb-button__icon awb-button__icon--default button-icon-left\" aria-hidden=\"true\"><\/i><span class=\"fusion-button-text awb-button__text awb-button__text--default\">Ouvrir un ticket<\/span><\/a><\/div><div class=\"fusion-modal modal fade modal-1 hubspot_assistance_form has-light-close\" tabindex=\"-1\" role=\"dialog\" aria-labelledby=\"modal-heading-1\" aria-hidden=\"true\" style=\"--awb-border-color:var(--awb-color3);--awb-background:var(--awb-color1);\"><div class=\"modal-dialog modal-lg\" role=\"document\"><div class=\"modal-content fusion-modal-content\"><div class=\"modal-header\"><button class=\"close\" type=\"button\" data-dismiss=\"modal\" aria-hidden=\"true\" aria-label=\"Close\">&times;<\/button><h3 class=\"modal-title\" id=\"modal-heading-1\" data-dismiss=\"modal\" aria-hidden=\"true\">Soumettre un ticket<\/h3><\/div><div class=\"modal-body fusion-clearfix\">\n<script charset=\"utf-8\" type=\"text\/javascript\" src=\"\/\/js-eu1.hsforms.net\/forms\/embed\/v2.js\"><\/script><script>hbspt.forms.create({\n    region: \"eu1\",\n    portalId: \"143321760\",\n    formId: \"ff921a0e-f5c5-47e7-8118-66f90d7ab27f\"\n  });\n<\/script>\n<\/div><\/div><\/div><\/div><div class=\"fusion-title title fusion-title-5 fusion-sep-none fusion-title-text fusion-title-size-three\" style=\"--awb-margin-top:50px;--awb-margin-top-small:10px;--awb-margin-right-small:0px;--awb-margin-bottom-small:10px;--awb-margin-left-small:0px;\"><h3 class=\"fusion-title-heading title-heading-left md-text-align-center sm-text-align-center\" style=\"margin:0;\"><h3>Restez en contact !<\/h3><\/h3><\/div><div class=\"fusion-text fusion-text-4\" style=\"--awb-margin-top:20px;\"><p>Restez en contact ! Ne manquez pas les mises \u00e0 jour, les nouvelles fonctionnalit\u00e9s et bien plus encore ! Suivez-nous sur nos r\u00e9seaux sociaux pour conna\u00eetre les derni\u00e8res nouvelles.<\/p>\n<\/div><div class=\"fusion-social-links fusion-social-links-1\" style=\"--awb-margin-top:25px;--awb-margin-right:0px;--awb-margin-bottom:25px;--awb-margin-left:0px;--awb-alignment:center;--awb-box-border-top:0px;--awb-box-border-right:0px;--awb-box-border-bottom:0px;--awb-box-border-left:0px;--awb-box-padding-top:10px;--awb-box-padding-right:10px;--awb-box-padding-bottom:10px;--awb-box-padding-left:10px;--awb-icon-colors-hover:var(--awb-color4);--awb-box-colors-hover:var(--awb-color1);--awb-box-border-color:var(--awb-color3);--awb-box-border-color-hover:var(--awb-color4);\"><div class=\"fusion-social-networks boxed-icons color-type-custom\"><div class=\"fusion-social-networks-wrapper\"><a class=\"fusion-social-network-icon fusion-tooltip fusion-twitter awb-icon-twitter\" style=\"color:var(--awb-color6);font-size:25px;width:25px;background-color:rgba(0,0,0,0.3);border-color:rgba(0,0,0,0.3);border-radius:50px;\" data-placement=\"top\" data-title=\"X\" data-toggle=\"tooltip\" title=\"X\" aria-label=\"twitter\" target=\"_blank\" rel=\"noopener noreferrer\" href=\"https:\/\/twitter.com\/Satochip\"><\/a><a class=\"fusion-social-network-icon fusion-tooltip fusion-youtube awb-icon-youtube\" style=\"color:var(--awb-color6);font-size:25px;width:25px;background-color:rgba(0,0,0,0.3);border-color:rgba(0,0,0,0.3);border-radius:50px;\" data-placement=\"top\" data-title=\"YouTube\" data-toggle=\"tooltip\" title=\"YouTube\" aria-label=\"youtube\" target=\"_blank\" rel=\"noopener noreferrer\" href=\"https:\/\/www.youtube.com\/@satochip\"><\/a><a class=\"fusion-social-network-icon fusion-tooltip fusion-linkedin awb-icon-linkedin\" style=\"color:var(--awb-color6);font-size:25px;width:25px;background-color:rgba(0,0,0,0.3);border-color:rgba(0,0,0,0.3);border-radius:50px;\" data-placement=\"top\" data-title=\"LinkedIn\" data-toggle=\"tooltip\" title=\"LinkedIn\" aria-label=\"linkedin\" target=\"_blank\" rel=\"noopener noreferrer\" href=\"https:\/\/be.linkedin.com\/company\/satochip\"><\/a><a class=\"fusion-social-network-icon fusion-tooltip fusion-telegram awb-icon-telegram\" style=\"color:var(--awb-color6);font-size:25px;width:25px;background-color:rgba(0,0,0,0.3);border-color:rgba(0,0,0,0.3);border-radius:50px;\" data-placement=\"top\" data-title=\"Telegram\" data-toggle=\"tooltip\" title=\"Telegram\" aria-label=\"telegram\" target=\"_blank\" rel=\"noopener noreferrer\" href=\"https:\/\/t.me\/Satochip\"><\/a><a class=\"fusion-social-network-icon fusion-tooltip fusion-mail awb-icon-mail\" style=\"color:var(--awb-color6);font-size:25px;width:25px;background-color:rgba(0,0,0,0.3);border-color:rgba(0,0,0,0.3);border-radius:50px;\" data-placement=\"top\" data-title=\"Email\" data-toggle=\"tooltip\" title=\"Email\" aria-label=\"mail\" target=\"_blank\" rel=\"noopener noreferrer\" href=\"mailto:&#115;&#117;ppo&#114;t&#064;s&#097;to&#099;&#104;ip&#046;io\"><\/a><\/div><\/div><\/div><\/div><\/div><div class=\"fusion-layout-column fusion_builder_column fusion-builder-column-4 fusion_builder_column_1_1 1_1 fusion-flex-column fusion-flex-align-self-stretch\" style=\"--awb-padding-right:40px;--awb-padding-bottom:40px;--awb-padding-left:40px;--awb-overflow:hidden;--awb-bg-color:rgba(0,0,0,0.35);--awb-bg-color-hover:rgba(0,0,0,0.35);--awb-bg-size:cover;--awb-border-radius:20px 20px 20px 20px;--awb-width-large:100%;--awb-margin-top-large:0px;--awb-spacing-right-large:1.92%;--awb-margin-bottom-large:20px;--awb-spacing-left-large:1.92%;--awb-width-medium:100%;--awb-order-medium:0;--awb-spacing-right-medium:1.92%;--awb-spacing-left-medium:1.92%;--awb-width-small:100%;--awb-order-small:0;--awb-spacing-right-small:1.92%;--awb-spacing-left-small:1.92%;\" data-scroll-devices=\"small-visibility,medium-visibility,large-visibility\"><div class=\"fusion-column-wrapper fusion-column-has-shadow fusion-flex-justify-content-space-evenly fusion-content-layout-column\"><div class=\"fusion-title title fusion-title-6 fusion-sep-none fusion-title-text fusion-title-size-three\" style=\"--awb-margin-top:50px;--awb-margin-top-small:10px;--awb-margin-right-small:0px;--awb-margin-bottom-small:10px;--awb-margin-left-small:0px;\"><h3 class=\"fusion-title-heading title-heading-left\" style=\"margin:0;\">S&rsquo;abonner \u00e0 la newsletter<\/h3><\/div><center><br \/>\n<script charset=\"utf-8\" type=\"text\/javascript\" src=\"\/\/js-eu1.hsforms.net\/forms\/embed\/v2.js\"><\/script><br \/>\n<script>\n  hbspt.forms.create({\n    region: \"eu1\",\n    portalId: \"143321760\",\n    formId: \"44a67a60-d05b-48a2-b051-2e4cf9f4530d\"\n  });\n<\/script><br \/>\n<\/center><\/div><\/div><\/div><\/div>\n","protected":false},"excerpt":{"rendered":"","protected":false},"author":1,"featured_media":0,"parent":0,"menu_order":0,"comment_status":"closed","ping_status":"closed","template":"","meta":{"footnotes":""},"class_list":["post-12936","page","type-page","status-publish","hentry"],"_links":{"self":[{"href":"https:\/\/satochip.io\/fr\/wp-json\/wp\/v2\/pages\/12936","targetHints":{"allow":["GET"]}}],"collection":[{"href":"https:\/\/satochip.io\/fr\/wp-json\/wp\/v2\/pages"}],"about":[{"href":"https:\/\/satochip.io\/fr\/wp-json\/wp\/v2\/types\/page"}],"author":[{"embeddable":true,"href":"https:\/\/satochip.io\/fr\/wp-json\/wp\/v2\/users\/1"}],"replies":[{"embeddable":true,"href":"https:\/\/satochip.io\/fr\/wp-json\/wp\/v2\/comments?post=12936"}],"version-history":[{"count":0,"href":"https:\/\/satochip.io\/fr\/wp-json\/wp\/v2\/pages\/12936\/revisions"}],"wp:attachment":[{"href":"https:\/\/satochip.io\/fr\/wp-json\/wp\/v2\/media?parent=12936"}],"curies":[{"name":"wp","href":"https:\/\/api.w.org\/{rel}","templated":true}]}}